{"id":31978,"date":"2025-12-05T04:19:43","date_gmt":"2025-12-05T04:19:43","guid":{"rendered":"https:\/\/valorisimo.com\/career\/"},"modified":"2025-12-10T08:37:29","modified_gmt":"2025-12-10T08:37:29","slug":"carriere","status":"publish","type":"page","link":"https:\/\/valorisimo.com\/fr\/carriere\/","title":{"rendered":"Carri\u00e8re"},"content":{"rendered":"\t\t<div data-elementor-type=\"wp-page\" data-elementor-id=\"31978\" class=\"elementor elementor-31978 elementor-31533\" data-elementor-post-type=\"page\">\n\t\t\t\t<div class=\"elementor-element elementor-element-6e47717 e-flex e-con-boxed e-con e-parent\" data-id=\"6e47717\" data-element_type=\"container\" data-settings=\"{&quot;background_background&quot;:&quot;classic&quot;}\">\n\t\t\t\t\t<div class=\"e-con-inner\">\n\t\t<div class=\"elementor-element elementor-element-c79a703 e-con-full e-flex e-con e-child\" data-id=\"c79a703\" data-element_type=\"container\" data-settings=\"{&quot;background_background&quot;:&quot;classic&quot;}\">\n\t\t\t\t<div class=\"elementor-element elementor-element-5c2cea5 elementor-widget elementor-widget-heading\" data-id=\"5c2cea5\" data-element_type=\"widget\" data-widget_type=\"heading.default\">\n\t\t\t\t<div class=\"elementor-widget-container\">\n\t\t\t<h2 class=\"elementor-heading-title elementor-size-default\">Nous recrutons !<\/h2>\t\t<\/div>\n\t\t\t\t<\/div>\n\t\t\t\t<div class=\"elementor-element elementor-element-26dc15b elementor-widget elementor-widget-text-editor\" data-id=\"26dc15b\" data-element_type=\"widget\" data-widget_type=\"text-editor.default\">\n\t\t\t\t<div class=\"elementor-widget-container\">\n\t\t\t\t\t\t\t<p>Offres d\u2019emploi actuellement ouvertes :<\/p>\t\t\t\t\t\t<\/div>\n\t\t\t\t<\/div>\n\t\t\t\t<div class=\"elementor-element elementor-element-3d85bb7 elementor-widget elementor-widget-shortcode\" data-id=\"3d85bb7\" data-element_type=\"widget\" data-widget_type=\"shortcode.default\">\n\t\t\t\t<div class=\"elementor-widget-container\">\n\t\t\t\t\t<div class=\"elementor-shortcode\"><\/div>\n\t\t\t\t<\/div>\n\t\t\t\t<\/div>\n\t\t\t\t<\/div>\n\t\t\t\t\t<\/div>\n\t\t\t\t<\/div>\n\t\t<div class=\"elementor-element elementor-element-90eb7ef e-flex e-con-boxed e-con e-parent\" data-id=\"90eb7ef\" data-element_type=\"container\" data-settings=\"{&quot;background_background&quot;:&quot;classic&quot;}\">\n\t\t\t\t\t<div class=\"e-con-inner\">\n\t\t<div class=\"elementor-element elementor-element-0afe230 e-con-full e-flex e-con e-child\" data-id=\"0afe230\" data-element_type=\"container\">\n\t\t<div class=\"elementor-element elementor-element-6753dbf e-con-full e-flex e-con e-child\" data-id=\"6753dbf\" data-element_type=\"container\">\n\t\t\t\t<div class=\"elementor-element elementor-element-fbbe1f2 elementor-widget elementor-widget-heading\" data-id=\"fbbe1f2\" data-element_type=\"widget\" data-widget_type=\"heading.default\">\n\t\t\t\t<div class=\"elementor-widget-container\">\n\t\t\t<h2 class=\"elementor-heading-title elementor-size-default\">Qui sommes-nous ?<\/h2>\t\t<\/div>\n\t\t\t\t<\/div>\n\t\t\t\t<div class=\"elementor-element elementor-element-f811f4c elementor-widget elementor-widget-text-editor\" data-id=\"f811f4c\" data-element_type=\"widget\" data-widget_type=\"text-editor.default\">\n\t\t\t\t<div class=\"elementor-widget-container\">\n\t\t\t\t\t\t\t<p>Chez Valorisimo, nous sommes convaincus qu\u2019investir dans l\u2019immobilier doit \u00eatre clair, accessible et pens\u00e9 pour vous.<br \/>Notre plateforme place l\u2019acheteur au centre, en combinant donn\u00e9es de march\u00e9 en temps r\u00e9el, outils intelligents et accompagnement humain.<br \/>Que vous souhaitiez comparer des projets sur plan, trouver un bien pr\u00eat \u00e0 vivre ou maximiser vos rendements, nous vous offrons des conseils fiables, sans d\u00e9cisions laiss\u00e9es au hasard et sans aucune pression.<\/p>\t\t\t\t\t\t<\/div>\n\t\t\t\t<\/div>\n\t\t\t\t<\/div>\n\t\t<div class=\"elementor-element elementor-element-6bc138d e-con-full e-flex e-con e-child\" data-id=\"6bc138d\" data-element_type=\"container\">\n\t\t\t\t<div class=\"elementor-element elementor-element-dc2f349 elementor-widget elementor-widget-image\" data-id=\"dc2f349\" data-element_type=\"widget\" data-widget_type=\"image.default\">\n\t\t\t\t<div class=\"elementor-widget-container\">\n\t\t\t\t\t\t\t\t\t\t\t\t\t<img fetchpriority=\"high\" decoding=\"async\" width=\"741\" height=\"881\" src=\"https:\/\/valorisimo.com\/wp-content\/uploads\/2025\/11\/valorisimo-home-3.webp\" class=\"attachment-large size-large wp-image-30829\" alt=\"\" srcset=\"https:\/\/valorisimo.com\/wp-content\/uploads\/2025\/11\/valorisimo-home-3.webp 741w, https:\/\/valorisimo.com\/wp-content\/uploads\/2025\/11\/valorisimo-home-3-252x300.webp 252w\" sizes=\"(max-width: 741px) 100vw, 741px\" \/>\t\t\t\t\t\t\t\t\t\t\t\t\t<\/div>\n\t\t\t\t<\/div>\n\t\t\t\t<\/div>\n\t\t\t\t<\/div>\n\t\t\t\t\t<\/div>\n\t\t\t\t<\/div>\n\t\t<div class=\"elementor-element elementor-element-2c462bf e-con-full e-flex e-con e-parent\" data-id=\"2c462bf\" data-element_type=\"container\">\n\t\t<div class=\"elementor-element elementor-element-1d55b67 e-con-full e-flex e-con e-child\" data-id=\"1d55b67\" data-element_type=\"container\" data-settings=\"{&quot;background_background&quot;:&quot;classic&quot;}\">\n\t\t\t\t<div class=\"elementor-element elementor-element-31faca0 elementor-widget elementor-widget-heading\" data-id=\"31faca0\" data-element_type=\"widget\" data-widget_type=\"heading.default\">\n\t\t\t\t<div class=\"elementor-widget-container\">\n\t\t\t<h2 class=\"elementor-heading-title elementor-size-default\">Notre mission :<\/h2>\t\t<\/div>\n\t\t\t\t<\/div>\n\t\t\t\t<div class=\"elementor-element elementor-element-732348b elementor-widget elementor-widget-text-editor\" data-id=\"732348b\" data-element_type=\"widget\" data-widget_type=\"text-editor.default\">\n\t\t\t\t<div class=\"elementor-widget-container\">\n\t\t\t\t\t\t\t<p>\u00a0Rendre l\u2019investissement immobilier au \u00c9mirats simple, clair et sans stress, en combinant outils innovants, analyses concr\u00e8tes et accompagnement personnalis\u00e9, pour que chaque acheteur avance en toute confiance.<\/p>\t\t\t\t\t\t<\/div>\n\t\t\t\t<\/div>\n\t\t\t\t<\/div>\n\t\t<div class=\"elementor-element elementor-element-3cf394f e-con-full e-flex e-con e-child\" data-id=\"3cf394f\" data-element_type=\"container\" data-settings=\"{&quot;background_background&quot;:&quot;classic&quot;}\">\n\t\t\t\t<div class=\"elementor-element elementor-element-84e4b59 elementor-widget elementor-widget-heading\" data-id=\"84e4b59\" data-element_type=\"widget\" data-widget_type=\"heading.default\">\n\t\t\t\t<div class=\"elementor-widget-container\">\n\t\t\t<h2 class=\"elementor-heading-title elementor-size-default\">Notre vision :<\/h2>\t\t<\/div>\n\t\t\t\t<\/div>\n\t\t\t\t<div class=\"elementor-element elementor-element-d63282d elementor-widget elementor-widget-text-editor\" data-id=\"d63282d\" data-element_type=\"widget\" data-widget_type=\"text-editor.default\">\n\t\t\t\t<div class=\"elementor-widget-container\">\n\t\t\t\t\t\t\t<p>\u00catre la plateforme immobili\u00e8re la plus fiable des \u00c9mirats, centr\u00e9e sur l\u2019acheteur et bas\u00e9 sur la data, o\u00f9 chaque d\u00e9cision est \u00e9clair\u00e9e, chaque \u00e9tape accompagn\u00e9e, et o\u00f9 tout le processus devient beaucoup plus simple.<\/p>\t\t\t\t\t\t<\/div>\n\t\t\t\t<\/div>\n\t\t\t\t<\/div>\n\t\t\t\t<\/div>\n\t\t\t\t<\/div>\n\t\t","protected":false},"excerpt":{"rendered":"<p>Nous recrutons ! Offres d\u2019emploi actuellement ouvertes : Qui sommes-nous ? Chez Valorisimo, nous sommes convaincus qu\u2019investir dans l\u2019immobilier doit \u00eatre clair, accessible et pens\u00e9 pour vous.Notre plateforme place l\u2019acheteur au centre, en combinant donn\u00e9es de march\u00e9 en temps r\u00e9el, outils intelligents et accompagnement humain.Que vous souhaitiez comparer des projets sur plan, trouver un bien [&hellip;]<\/p>\n","protected":false},"author":4,"featured_media":0,"parent":0,"menu_order":0,"comment_status":"closed","ping_status":"closed","template":"page-full-width.php","meta":{"footnotes":""},"class_list":["post-31978","page","type-page","status-publish","hentry"],"yoast_head":"<!-- This site is optimized with the Yoast SEO plugin v26.5 - https:\/\/yoast.com\/wordpress\/plugins\/seo\/ -->\n<title>Carri\u00e8re - Valorisimo<\/title>\n<meta name=\"robots\" content=\"index, follow, max-snippet:-1, max-image-preview:large, max-video-preview:-1\" \/>\n<link rel=\"canonical\" href=\"https:\/\/valorisimo.com\/fr\/wp-json\/wp\/v2\/pages\/31978\/\" \/>\n<meta property=\"og:locale\" content=\"fr_FR\" \/>\n<meta property=\"og:type\" content=\"article\" \/>\n<meta property=\"og:title\" content=\"Carri\u00e8re - Valorisimo\" \/>\n<meta property=\"og:description\" content=\"Nous recrutons ! Offres d\u2019emploi actuellement ouvertes : Qui sommes-nous ? Chez Valorisimo, nous sommes convaincus qu\u2019investir dans l\u2019immobilier doit \u00eatre clair, accessible et pens\u00e9 pour vous.Notre plateforme place l\u2019acheteur au centre, en combinant donn\u00e9es de march\u00e9 en temps r\u00e9el, outils intelligents et accompagnement humain.Que vous souhaitiez comparer des projets sur plan, trouver un bien [&hellip;]\" \/>\n<meta property=\"og:url\" content=\"https:\/\/valorisimo.com\/fr\/carriere\/\" \/>\n<meta property=\"og:site_name\" content=\"Valorisimo\" \/>\n<meta property=\"article:modified_time\" content=\"2025-12-10T08:37:29+00:00\" \/>\n<meta property=\"og:image\" content=\"https:\/\/valorisimo.com\/wp-content\/uploads\/2025\/11\/valorisimo-home-3.webp\" \/>\n\t<meta property=\"og:image:width\" content=\"741\" \/>\n\t<meta property=\"og:image:height\" content=\"881\" \/>\n\t<meta property=\"og:image:type\" content=\"image\/webp\" \/>\n<meta name=\"twitter:card\" content=\"summary_large_image\" \/>\n<meta name=\"twitter:label1\" content=\"Dur\u00e9e de lecture estim\u00e9e\" \/>\n\t<meta name=\"twitter:data1\" content=\"1 minute\" \/>\n<script type=\"application\/ld+json\" class=\"yoast-schema-graph\">{\"@context\":\"https:\/\/schema.org\",\"@graph\":[{\"@type\":\"WebPage\",\"@id\":\"https:\/\/valorisimo.com\/fr\/carriere\/\",\"url\":\"https:\/\/valorisimo.com\/fr\/carriere\/\",\"name\":\"Carri\u00e8re - Valorisimo\",\"isPartOf\":{\"@id\":\"https:\/\/valorisimo.com\/fr\/#website\"},\"primaryImageOfPage\":{\"@id\":\"https:\/\/valorisimo.com\/fr\/carriere\/#primaryimage\"},\"image\":{\"@id\":\"https:\/\/valorisimo.com\/fr\/carriere\/#primaryimage\"},\"thumbnailUrl\":\"https:\/\/valorisimo.com\/wp-content\/uploads\/2025\/11\/valorisimo-home-3.webp\",\"datePublished\":\"2025-12-05T04:19:43+00:00\",\"dateModified\":\"2025-12-10T08:37:29+00:00\",\"breadcrumb\":{\"@id\":\"https:\/\/valorisimo.com\/fr\/carriere\/#breadcrumb\"},\"inLanguage\":\"fr-FR\",\"potentialAction\":[{\"@type\":\"ReadAction\",\"target\":[\"https:\/\/valorisimo.com\/fr\/carriere\/\"]}]},{\"@type\":\"ImageObject\",\"inLanguage\":\"fr-FR\",\"@id\":\"https:\/\/valorisimo.com\/fr\/carriere\/#primaryimage\",\"url\":\"https:\/\/valorisimo.com\/wp-content\/uploads\/2025\/11\/valorisimo-home-3.webp\",\"contentUrl\":\"https:\/\/valorisimo.com\/wp-content\/uploads\/2025\/11\/valorisimo-home-3.webp\"},{\"@type\":\"BreadcrumbList\",\"@id\":\"https:\/\/valorisimo.com\/fr\/carriere\/#breadcrumb\",\"itemListElement\":[{\"@type\":\"ListItem\",\"position\":1,\"name\":\"Home\",\"item\":\"https:\/\/valorisimo.com\/fr\/\"},{\"@type\":\"ListItem\",\"position\":2,\"name\":\"Carri\u00e8re\"}]},{\"@type\":\"WebSite\",\"@id\":\"https:\/\/valorisimo.com\/fr\/#website\",\"url\":\"https:\/\/valorisimo.com\/fr\/\",\"name\":\"Valorisimo\",\"description\":\"\",\"publisher\":{\"@id\":\"https:\/\/valorisimo.com\/fr\/#organization\"},\"potentialAction\":[{\"@type\":\"SearchAction\",\"target\":{\"@type\":\"EntryPoint\",\"urlTemplate\":\"https:\/\/valorisimo.com\/fr\/?s={search_term_string}\"},\"query-input\":{\"@type\":\"PropertyValueSpecification\",\"valueRequired\":true,\"valueName\":\"search_term_string\"}}],\"inLanguage\":\"fr-FR\"},{\"@type\":\"Organization\",\"@id\":\"https:\/\/valorisimo.com\/fr\/#organization\",\"name\":\"Valorisimo\",\"url\":\"https:\/\/valorisimo.com\/fr\/\",\"logo\":{\"@type\":\"ImageObject\",\"inLanguage\":\"fr-FR\",\"@id\":\"https:\/\/valorisimo.com\/fr\/#\/schema\/logo\/image\/\",\"url\":\"https:\/\/valorisimo.com\/wp-content\/uploads\/2025\/10\/VALORISIMO-logo-white.webp\",\"contentUrl\":\"https:\/\/valorisimo.com\/wp-content\/uploads\/2025\/10\/VALORISIMO-logo-white.webp\",\"width\":370,\"height\":69,\"caption\":\"Valorisimo\"},\"image\":{\"@id\":\"https:\/\/valorisimo.com\/fr\/#\/schema\/logo\/image\/\"}}]}<\/script>\n<!-- \/ Yoast SEO plugin. -->","yoast_head_json":{"title":"Carri\u00e8re - Valorisimo","robots":{"index":"index","follow":"follow","max-snippet":"max-snippet:-1","max-image-preview":"max-image-preview:large","max-video-preview":"max-video-preview:-1"},"canonical":"https:\/\/valorisimo.com\/fr\/wp-json\/wp\/v2\/pages\/31978\/","og_locale":"fr_FR","og_type":"article","og_title":"Carri\u00e8re - Valorisimo","og_description":"Nous recrutons ! Offres d\u2019emploi actuellement ouvertes : Qui sommes-nous ? Chez Valorisimo, nous sommes convaincus qu\u2019investir dans l\u2019immobilier doit \u00eatre clair, accessible et pens\u00e9 pour vous.Notre plateforme place l\u2019acheteur au centre, en combinant donn\u00e9es de march\u00e9 en temps r\u00e9el, outils intelligents et accompagnement humain.Que vous souhaitiez comparer des projets sur plan, trouver un bien [&hellip;]","og_url":"https:\/\/valorisimo.com\/fr\/carriere\/","og_site_name":"Valorisimo","article_modified_time":"2025-12-10T08:37:29+00:00","og_image":[{"width":741,"height":881,"url":"https:\/\/valorisimo.com\/wp-content\/uploads\/2025\/11\/valorisimo-home-3.webp","type":"image\/webp"}],"twitter_card":"summary_large_image","twitter_misc":{"Dur\u00e9e de lecture estim\u00e9e":"1 minute"},"schema":{"@context":"https:\/\/schema.org","@graph":[{"@type":"WebPage","@id":"https:\/\/valorisimo.com\/fr\/carriere\/","url":"https:\/\/valorisimo.com\/fr\/carriere\/","name":"Carri\u00e8re - Valorisimo","isPartOf":{"@id":"https:\/\/valorisimo.com\/fr\/#website"},"primaryImageOfPage":{"@id":"https:\/\/valorisimo.com\/fr\/carriere\/#primaryimage"},"image":{"@id":"https:\/\/valorisimo.com\/fr\/carriere\/#primaryimage"},"thumbnailUrl":"https:\/\/valorisimo.com\/wp-content\/uploads\/2025\/11\/valorisimo-home-3.webp","datePublished":"2025-12-05T04:19:43+00:00","dateModified":"2025-12-10T08:37:29+00:00","breadcrumb":{"@id":"https:\/\/valorisimo.com\/fr\/carriere\/#breadcrumb"},"inLanguage":"fr-FR","potentialAction":[{"@type":"ReadAction","target":["https:\/\/valorisimo.com\/fr\/carriere\/"]}]},{"@type":"ImageObject","inLanguage":"fr-FR","@id":"https:\/\/valorisimo.com\/fr\/carriere\/#primaryimage","url":"https:\/\/valorisimo.com\/wp-content\/uploads\/2025\/11\/valorisimo-home-3.webp","contentUrl":"https:\/\/valorisimo.com\/wp-content\/uploads\/2025\/11\/valorisimo-home-3.webp"},{"@type":"BreadcrumbList","@id":"https:\/\/valorisimo.com\/fr\/carriere\/#breadcrumb","itemListElement":[{"@type":"ListItem","position":1,"name":"Home","item":"https:\/\/valorisimo.com\/fr\/"},{"@type":"ListItem","position":2,"name":"Carri\u00e8re"}]},{"@type":"WebSite","@id":"https:\/\/valorisimo.com\/fr\/#website","url":"https:\/\/valorisimo.com\/fr\/","name":"Valorisimo","description":"","publisher":{"@id":"https:\/\/valorisimo.com\/fr\/#organization"},"potentialAction":[{"@type":"SearchAction","target":{"@type":"EntryPoint","urlTemplate":"https:\/\/valorisimo.com\/fr\/?s={search_term_string}"},"query-input":{"@type":"PropertyValueSpecification","valueRequired":true,"valueName":"search_term_string"}}],"inLanguage":"fr-FR"},{"@type":"Organization","@id":"https:\/\/valorisimo.com\/fr\/#organization","name":"Valorisimo","url":"https:\/\/valorisimo.com\/fr\/","logo":{"@type":"ImageObject","inLanguage":"fr-FR","@id":"https:\/\/valorisimo.com\/fr\/#\/schema\/logo\/image\/","url":"https:\/\/valorisimo.com\/wp-content\/uploads\/2025\/10\/VALORISIMO-logo-white.webp","contentUrl":"https:\/\/valorisimo.com\/wp-content\/uploads\/2025\/10\/VALORISIMO-logo-white.webp","width":370,"height":69,"caption":"Valorisimo"},"image":{"@id":"https:\/\/valorisimo.com\/fr\/#\/schema\/logo\/image\/"}}]}},"_links":{"self":[{"href":"https:\/\/valorisimo.com\/fr\/wp-json\/wp\/v2\/pages\/31978","targetHints":{"allow":["GET"]}}],"collection":[{"href":"https:\/\/valorisimo.com\/fr\/wp-json\/wp\/v2\/pages"}],"about":[{"href":"https:\/\/valorisimo.com\/fr\/wp-json\/wp\/v2\/types\/page"}],"author":[{"embeddable":true,"href":"https:\/\/valorisimo.com\/fr\/wp-json\/wp\/v2\/users\/4"}],"replies":[{"embeddable":true,"href":"https:\/\/valorisimo.com\/fr\/wp-json\/wp\/v2\/comments?post=31978"}],"version-history":[{"count":4,"href":"https:\/\/valorisimo.com\/fr\/wp-json\/wp\/v2\/pages\/31978\/revisions"}],"predecessor-version":[{"id":31982,"href":"https:\/\/valorisimo.com\/fr\/wp-json\/wp\/v2\/pages\/31978\/revisions\/31982"}],"wp:attachment":[{"href":"https:\/\/valorisimo.com\/fr\/wp-json\/wp\/v2\/media?parent=31978"}],"curies":[{"name":"wp","href":"https:\/\/api.w.org\/{rel}","templated":true}]}}