{"id":23529,"date":"2025-05-14T14:01:29","date_gmt":"2025-05-14T14:01:29","guid":{"rendered":"https:\/\/valorisimo.com\/opportunities\/opportunities-by-invesment-goal\/"},"modified":"2025-06-18T10:59:41","modified_gmt":"2025-06-18T10:59:41","slug":"opportunites-par-objectif-dinvestissemen","status":"publish","type":"page","link":"https:\/\/valorisimo.com\/fr\/opportunities\/opportunites-par-objectif-dinvestissemen\/","title":{"rendered":"Opportunit\u00e9s par objectif d\u2019investissemen"},"content":{"rendered":"\t\t<div data-elementor-type=\"wp-page\" data-elementor-id=\"23529\" class=\"elementor elementor-23529 elementor-23044\" data-elementor-post-type=\"page\">\n\t\t\t\t<div class=\"elementor-element elementor-element-4d8b417 e-flex e-con-boxed e-con e-parent\" data-id=\"4d8b417\" data-element_type=\"container\">\n\t\t\t\t\t<div class=\"e-con-inner\">\n\t\t\t\t<div class=\"elementor-element elementor-element-0aff298 elementor-widget elementor-widget-html\" data-id=\"0aff298\" data-element_type=\"widget\" data-widget_type=\"html.default\">\n\t\t\t\t<div class=\"elementor-widget-container\">\n\t\t\t<a href=\"#\" class=\"opp-back-sm-button\">\n            <i class=\"fa fa-chevron-left\"><\/i><span class=\"back-span\">Pr\u00e9c\u00e9dent<\/span>\n        <\/a>\t\t<\/div>\n\t\t\t\t<\/div>\n\t\t\t\t\t<\/div>\n\t\t\t\t<\/div>\n\t\t<div class=\"elementor-element elementor-element-c2ce0e1 seo-line e-flex e-con-boxed e-con e-parent\" data-id=\"c2ce0e1\" data-element_type=\"container\">\n\t\t\t\t\t<div class=\"e-con-inner\">\n\t\t<div class=\"elementor-element elementor-element-c256d1c e-con-full e-flex e-con e-child\" data-id=\"c256d1c\" data-element_type=\"container\">\n\t\t\t\t<div class=\"elementor-element elementor-element-ebd0822 elementor-position-left elementor-position-left elementor-vertical-align-middle image-left inv-dubai elementor-widget__width-auto elementor-widget elementor-widget-image-box\" data-id=\"ebd0822\" data-element_type=\"widget\" data-widget_type=\"image-box.default\">\n\t\t\t\t<div class=\"elementor-widget-container\">\n\t\t\t<div class=\"elementor-image-box-wrapper\"><figure class=\"elementor-image-box-img\"><a href=\"https:\/\/valorisimo.com\/fr\/dubai\/investissement-locatif\/appartements-haut-rendement\/\" tabindex=\"-1\"><img decoding=\"async\" src=\"https:\/\/valorisimo.com\/wp-content\/uploads\/elementor\/thumbs\/Dubai-Rental-Yield-r618az83jwgd5etm9k45plw4ai8l62z6ajsmij86ns.png\" title=\"Dubai Rental Yield\" alt=\"\" loading=\"lazy\" \/><\/a><\/figure><div class=\"elementor-image-box-content\"><h3 class=\"elementor-image-box-title\"><a href=\"https:\/\/valorisimo.com\/fr\/dubai\/investissement-locatif\/appartements-haut-rendement\/\">Rendement locatif \u00e0 Dubai<\/a><\/h3><p class=\"elementor-image-box-description\">D\u00e9couvrez les meilleurs projets<br>\n<a href=\"https:\/\/valorisimo.com\/fr\/dubai\/investissement-locatif\/appartements-haut-rendement\/\">Explorez rendement locatif \u00e0  Dubai<\/a><\/p><\/div><\/div>\t\t<\/div>\n\t\t\t\t<\/div>\n\t\t\t\t<\/div>\n\t\t<div class=\"elementor-element elementor-element-95ac912 e-con-full e-flex e-con e-child\" data-id=\"95ac912\" data-element_type=\"container\">\n\t\t\t\t<div class=\"elementor-element elementor-element-438a3d1 elementor-position-left elementor-position-left elementor-vertical-align-middle image-left img-odd inv-dubai elementor-widget__width-auto elementor-widget elementor-widget-image-box\" data-id=\"438a3d1\" data-element_type=\"widget\" data-widget_type=\"image-box.default\">\n\t\t\t\t<div class=\"elementor-widget-container\">\n\t\t\t<div class=\"elementor-image-box-wrapper\"><figure class=\"elementor-image-box-img\"><a href=\"https:\/\/valorisimo.com\/fr\/dubai\/investissement-immobilier\/achat-revente\/\" tabindex=\"-1\"><img decoding=\"async\" src=\"https:\/\/valorisimo.com\/wp-content\/uploads\/elementor\/thumbs\/Dubai-Capital-Appreciation-r618avgqskb7uyz2vihnfmu9wyr4bak8y16olfdrco.png\" title=\"Dubai Capital Appreciation\" alt=\"\" loading=\"lazy\" \/><\/a><\/figure><div class=\"elementor-image-box-content\"><h3 class=\"elementor-image-box-title\"><a href=\"https:\/\/valorisimo.com\/fr\/dubai\/investissement-immobilier\/achat-revente\/\">Achat revente \u00e0 Dubai<\/a><\/h3><p class=\"elementor-image-box-description\">D\u00e9couvrez les meilleurs projets<br>\n<a href=\"https:\/\/valorisimo.com\/fr\/dubai\/investissement-immobilier\/achat-revente\/\">Explorez Achat  Revente \u00e0 Dubai<\/a><\/p><\/div><\/div>\t\t<\/div>\n\t\t\t\t<\/div>\n\t\t\t\t<\/div>\n\t\t\t\t\t<\/div>\n\t\t\t\t<\/div>\n\t\t<div class=\"elementor-element elementor-element-d5ab957 sao-line e-flex e-con-boxed e-con e-parent\" data-id=\"d5ab957\" data-element_type=\"container\">\n\t\t\t\t\t<div class=\"e-con-inner\">\n\t\t<div class=\"elementor-element elementor-element-e2f87dc e-con-full e-flex e-con e-child\" data-id=\"e2f87dc\" data-element_type=\"container\">\n\t\t\t\t<div class=\"elementor-element elementor-element-817931e elementor-position-left elementor-position-left elementor-vertical-align-middle image-left inv-abu-dhabi elementor-widget elementor-widget-image-box\" data-id=\"817931e\" data-element_type=\"widget\" data-widget_type=\"image-box.default\">\n\t\t\t\t<div class=\"elementor-widget-container\">\n\t\t\t<div class=\"elementor-image-box-wrapper\"><figure class=\"elementor-image-box-img\"><a href=\"https:\/\/valorisimo.com\/fr\/abu-dhabi\/investissement-locatif\/appartements-haut-rendement\/\" tabindex=\"-1\"><img decoding=\"async\" src=\"https:\/\/valorisimo.com\/wp-content\/uploads\/elementor\/thumbs\/Abu-Dhabi-Rental-Yield-r618aovvgq27lp8mxxn9g6i1r9njteu4l4ma8hnik8.png\" title=\"Abu Dhabi Rental Yield\" alt=\"\" loading=\"lazy\" \/><\/a><\/figure><div class=\"elementor-image-box-content\"><h3 class=\"elementor-image-box-title\"><a href=\"https:\/\/valorisimo.com\/fr\/abu-dhabi\/investissement-locatif\/appartements-haut-rendement\/\">Rendement locatif \u00e0 Abu Dhabi<\/a><\/h3><p class=\"elementor-image-box-description\">D\u00e9couvrez les meilleurs projets<br>\n<a href=\"https:\/\/valorisimo.com\/fr\/abu-dhabi\/investissement-locatif\/appartements-haut-rendement\/\">Explorez rendement locatif \u00e0 Abu Dhabi<\/a><\/p><\/div><\/div>\t\t<\/div>\n\t\t\t\t<\/div>\n\t\t\t\t<\/div>\n\t\t<div class=\"elementor-element elementor-element-781474f e-con-full e-flex e-con e-child\" data-id=\"781474f\" data-element_type=\"container\">\n\t\t\t\t<div class=\"elementor-element elementor-element-c45dc1f elementor-position-left elementor-position-left elementor-vertical-align-middle image-left img-odd inv-abu-dhabi elementor-widget elementor-widget-image-box\" data-id=\"c45dc1f\" data-element_type=\"widget\" data-widget_type=\"image-box.default\">\n\t\t\t\t<div class=\"elementor-widget-container\">\n\t\t\t<div class=\"elementor-image-box-wrapper\"><figure class=\"elementor-image-box-img\"><a href=\"https:\/\/valorisimo.com\/fr\/abu-dhabi\/investissement-immobilier\/achat-revente\/\" tabindex=\"-1\"><img decoding=\"async\" src=\"https:\/\/valorisimo.com\/wp-content\/uploads\/elementor\/thumbs\/Abu-Dhabi-Capital-Appreciation-r618bai5twvt0qd8fozojj1nf4ozqg7yc3mg9urgl4.png\" title=\"Abu Dhabi Capital Appreciation\" alt=\"\" loading=\"lazy\" \/><\/a><\/figure><div class=\"elementor-image-box-content\"><h3 class=\"elementor-image-box-title\"><a href=\"https:\/\/valorisimo.com\/fr\/abu-dhabi\/investissement-immobilier\/achat-revente\/\">Achat revente \u00e0 Abu Dhabi<\/a><\/h3><p class=\"elementor-image-box-description\">D\u00e9couvrez les meilleurs projets<br>\n<a href=\"https:\/\/valorisimo.com\/fr\/abu-dhabi\/investissement-immobilier\/achat-revente\/\">Explorez Achat  Revente \u00e0 Abu Dhabi<\/a><\/p><\/div><\/div>\t\t<\/div>\n\t\t\t\t<\/div>\n\t\t\t\t<\/div>\n\t\t\t\t\t<\/div>\n\t\t\t\t<\/div>\n\t\t\t\t<\/div>\n\t\t","protected":false},"excerpt":{"rendered":"<p>Pr\u00e9c\u00e9dent Rendement locatif \u00e0 Dubai D\u00e9couvrez les meilleurs projets Explorez rendement locatif \u00e0 Dubai Achat revente \u00e0 Dubai D\u00e9couvrez les meilleurs projets Explorez Achat Revente \u00e0 Dubai Rendement locatif \u00e0 Abu Dhabi D\u00e9couvrez les meilleurs projets Explorez rendement locatif \u00e0 Abu Dhabi Achat revente \u00e0 Abu Dhabi D\u00e9couvrez les meilleurs projets Explorez Achat Revente \u00e0 [&hellip;]<\/p>\n","protected":false},"author":4,"featured_media":0,"parent":16033,"menu_order":0,"comment_status":"closed","ping_status":"closed","template":"elementor_theme","meta":{"footnotes":""},"class_list":["post-23529","page","type-page","status-publish","hentry"],"yoast_head":"<!-- This site is optimized with the Yoast SEO plugin v26.5 - https:\/\/yoast.com\/wordpress\/plugins\/seo\/ -->\n<title>Opportunit\u00e9s par objectif d\u2019investissemen - Valorisimo<\/title>\n<meta name=\"robots\" content=\"index, follow, max-snippet:-1, max-image-preview:large, max-video-preview:-1\" \/>\n<link rel=\"canonical\" href=\"https:\/\/valorisimo.com\/fr\/wp-json\/wp\/v2\/pages\/23529\/\" \/>\n<meta property=\"og:locale\" content=\"fr_FR\" \/>\n<meta property=\"og:type\" content=\"article\" \/>\n<meta property=\"og:title\" content=\"Opportunit\u00e9s par objectif d\u2019investissemen - Valorisimo\" \/>\n<meta property=\"og:description\" content=\"Pr\u00e9c\u00e9dent Rendement locatif \u00e0 Dubai D\u00e9couvrez les meilleurs projets Explorez rendement locatif \u00e0 Dubai Achat revente \u00e0 Dubai D\u00e9couvrez les meilleurs projets Explorez Achat Revente \u00e0 Dubai Rendement locatif \u00e0 Abu Dhabi D\u00e9couvrez les meilleurs projets Explorez rendement locatif \u00e0 Abu Dhabi Achat revente \u00e0 Abu Dhabi D\u00e9couvrez les meilleurs projets Explorez Achat Revente \u00e0 [&hellip;]\" \/>\n<meta property=\"og:url\" content=\"https:\/\/valorisimo.com\/fr\/opportunities\/opportunites-par-objectif-dinvestissemen\/\" \/>\n<meta property=\"og:site_name\" content=\"Valorisimo\" \/>\n<meta property=\"article:modified_time\" content=\"2025-06-18T10:59:41+00:00\" \/>\n<meta property=\"og:image\" content=\"https:\/\/valorisimo.com\/wp-content\/uploads\/elementor\/thumbs\/Dubai-Rental-Yield-r618az83jwgd5etm9k45plw4ai8l62z6ajsmij86ns.png\" \/>\n<meta name=\"twitter:card\" content=\"summary_large_image\" \/>\n<meta name=\"twitter:label1\" content=\"Dur\u00e9e de lecture estim\u00e9e\" \/>\n\t<meta name=\"twitter:data1\" content=\"2 minutes\" \/>\n<script type=\"application\/ld+json\" class=\"yoast-schema-graph\">{\"@context\":\"https:\/\/schema.org\",\"@graph\":[{\"@type\":\"WebPage\",\"@id\":\"https:\/\/valorisimo.com\/fr\/opportunities\/opportunites-par-objectif-dinvestissemen\/\",\"url\":\"https:\/\/valorisimo.com\/fr\/opportunities\/opportunites-par-objectif-dinvestissemen\/\",\"name\":\"Opportunit\u00e9s par objectif d\u2019investissemen - Valorisimo\",\"isPartOf\":{\"@id\":\"https:\/\/valorisimo.com\/fr\/#website\"},\"primaryImageOfPage\":{\"@id\":\"https:\/\/valorisimo.com\/fr\/opportunities\/opportunites-par-objectif-dinvestissemen\/#primaryimage\"},\"image\":{\"@id\":\"https:\/\/valorisimo.com\/fr\/opportunities\/opportunites-par-objectif-dinvestissemen\/#primaryimage\"},\"thumbnailUrl\":\"https:\/\/valorisimo.com\/wp-content\/uploads\/elementor\/thumbs\/Dubai-Rental-Yield-r618az83jwgd5etm9k45plw4ai8l62z6ajsmij86ns.png\",\"datePublished\":\"2025-05-14T14:01:29+00:00\",\"dateModified\":\"2025-06-18T10:59:41+00:00\",\"breadcrumb\":{\"@id\":\"https:\/\/valorisimo.com\/fr\/opportunities\/opportunites-par-objectif-dinvestissemen\/#breadcrumb\"},\"inLanguage\":\"fr-FR\",\"potentialAction\":[{\"@type\":\"ReadAction\",\"target\":[\"https:\/\/valorisimo.com\/fr\/opportunities\/opportunites-par-objectif-dinvestissemen\/\"]}]},{\"@type\":\"ImageObject\",\"inLanguage\":\"fr-FR\",\"@id\":\"https:\/\/valorisimo.com\/fr\/opportunities\/opportunites-par-objectif-dinvestissemen\/#primaryimage\",\"url\":\"https:\/\/valorisimo.com\/wp-content\/uploads\/elementor\/thumbs\/Dubai-Rental-Yield-r618az83jwgd5etm9k45plw4ai8l62z6ajsmij86ns.png\",\"contentUrl\":\"https:\/\/valorisimo.com\/wp-content\/uploads\/elementor\/thumbs\/Dubai-Rental-Yield-r618az83jwgd5etm9k45plw4ai8l62z6ajsmij86ns.png\"},{\"@type\":\"BreadcrumbList\",\"@id\":\"https:\/\/valorisimo.com\/fr\/opportunities\/opportunites-par-objectif-dinvestissemen\/#breadcrumb\",\"itemListElement\":[{\"@type\":\"ListItem\",\"position\":1,\"name\":\"Home\",\"item\":\"https:\/\/valorisimo.com\/fr\/\"},{\"@type\":\"ListItem\",\"position\":2,\"name\":\"Opportunit\u00e9s\",\"item\":\"https:\/\/valorisimo.com\/fr\/opportunities\/\"},{\"@type\":\"ListItem\",\"position\":3,\"name\":\"Opportunit\u00e9s par objectif d\u2019investissemen\"}]},{\"@type\":\"WebSite\",\"@id\":\"https:\/\/valorisimo.com\/fr\/#website\",\"url\":\"https:\/\/valorisimo.com\/fr\/\",\"name\":\"Valorisimo\",\"description\":\"\",\"publisher\":{\"@id\":\"https:\/\/valorisimo.com\/fr\/#organization\"},\"potentialAction\":[{\"@type\":\"SearchAction\",\"target\":{\"@type\":\"EntryPoint\",\"urlTemplate\":\"https:\/\/valorisimo.com\/fr\/?s={search_term_string}\"},\"query-input\":{\"@type\":\"PropertyValueSpecification\",\"valueRequired\":true,\"valueName\":\"search_term_string\"}}],\"inLanguage\":\"fr-FR\"},{\"@type\":\"Organization\",\"@id\":\"https:\/\/valorisimo.com\/fr\/#organization\",\"name\":\"Valorisimo\",\"url\":\"https:\/\/valorisimo.com\/fr\/\",\"logo\":{\"@type\":\"ImageObject\",\"inLanguage\":\"fr-FR\",\"@id\":\"https:\/\/valorisimo.com\/fr\/#\/schema\/logo\/image\/\",\"url\":\"https:\/\/valorisimo.com\/wp-content\/uploads\/2025\/10\/VALORISIMO-logo-white.webp\",\"contentUrl\":\"https:\/\/valorisimo.com\/wp-content\/uploads\/2025\/10\/VALORISIMO-logo-white.webp\",\"width\":370,\"height\":69,\"caption\":\"Valorisimo\"},\"image\":{\"@id\":\"https:\/\/valorisimo.com\/fr\/#\/schema\/logo\/image\/\"}}]}<\/script>\n<!-- \/ Yoast SEO plugin. -->","yoast_head_json":{"title":"Opportunit\u00e9s par objectif d\u2019investissemen - Valorisimo","robots":{"index":"index","follow":"follow","max-snippet":"max-snippet:-1","max-image-preview":"max-image-preview:large","max-video-preview":"max-video-preview:-1"},"canonical":"https:\/\/valorisimo.com\/fr\/wp-json\/wp\/v2\/pages\/23529\/","og_locale":"fr_FR","og_type":"article","og_title":"Opportunit\u00e9s par objectif d\u2019investissemen - Valorisimo","og_description":"Pr\u00e9c\u00e9dent Rendement locatif \u00e0 Dubai D\u00e9couvrez les meilleurs projets Explorez rendement locatif \u00e0 Dubai Achat revente \u00e0 Dubai D\u00e9couvrez les meilleurs projets Explorez Achat Revente \u00e0 Dubai Rendement locatif \u00e0 Abu Dhabi D\u00e9couvrez les meilleurs projets Explorez rendement locatif \u00e0 Abu Dhabi Achat revente \u00e0 Abu Dhabi D\u00e9couvrez les meilleurs projets Explorez Achat Revente \u00e0 [&hellip;]","og_url":"https:\/\/valorisimo.com\/fr\/opportunities\/opportunites-par-objectif-dinvestissemen\/","og_site_name":"Valorisimo","article_modified_time":"2025-06-18T10:59:41+00:00","og_image":[{"url":"https:\/\/valorisimo.com\/wp-content\/uploads\/elementor\/thumbs\/Dubai-Rental-Yield-r618az83jwgd5etm9k45plw4ai8l62z6ajsmij86ns.png","type":"","width":"","height":""}],"twitter_card":"summary_large_image","twitter_misc":{"Dur\u00e9e de lecture estim\u00e9e":"2 minutes"},"schema":{"@context":"https:\/\/schema.org","@graph":[{"@type":"WebPage","@id":"https:\/\/valorisimo.com\/fr\/opportunities\/opportunites-par-objectif-dinvestissemen\/","url":"https:\/\/valorisimo.com\/fr\/opportunities\/opportunites-par-objectif-dinvestissemen\/","name":"Opportunit\u00e9s par objectif d\u2019investissemen - Valorisimo","isPartOf":{"@id":"https:\/\/valorisimo.com\/fr\/#website"},"primaryImageOfPage":{"@id":"https:\/\/valorisimo.com\/fr\/opportunities\/opportunites-par-objectif-dinvestissemen\/#primaryimage"},"image":{"@id":"https:\/\/valorisimo.com\/fr\/opportunities\/opportunites-par-objectif-dinvestissemen\/#primaryimage"},"thumbnailUrl":"https:\/\/valorisimo.com\/wp-content\/uploads\/elementor\/thumbs\/Dubai-Rental-Yield-r618az83jwgd5etm9k45plw4ai8l62z6ajsmij86ns.png","datePublished":"2025-05-14T14:01:29+00:00","dateModified":"2025-06-18T10:59:41+00:00","breadcrumb":{"@id":"https:\/\/valorisimo.com\/fr\/opportunities\/opportunites-par-objectif-dinvestissemen\/#breadcrumb"},"inLanguage":"fr-FR","potentialAction":[{"@type":"ReadAction","target":["https:\/\/valorisimo.com\/fr\/opportunities\/opportunites-par-objectif-dinvestissemen\/"]}]},{"@type":"ImageObject","inLanguage":"fr-FR","@id":"https:\/\/valorisimo.com\/fr\/opportunities\/opportunites-par-objectif-dinvestissemen\/#primaryimage","url":"https:\/\/valorisimo.com\/wp-content\/uploads\/elementor\/thumbs\/Dubai-Rental-Yield-r618az83jwgd5etm9k45plw4ai8l62z6ajsmij86ns.png","contentUrl":"https:\/\/valorisimo.com\/wp-content\/uploads\/elementor\/thumbs\/Dubai-Rental-Yield-r618az83jwgd5etm9k45plw4ai8l62z6ajsmij86ns.png"},{"@type":"BreadcrumbList","@id":"https:\/\/valorisimo.com\/fr\/opportunities\/opportunites-par-objectif-dinvestissemen\/#breadcrumb","itemListElement":[{"@type":"ListItem","position":1,"name":"Home","item":"https:\/\/valorisimo.com\/fr\/"},{"@type":"ListItem","position":2,"name":"Opportunit\u00e9s","item":"https:\/\/valorisimo.com\/fr\/opportunities\/"},{"@type":"ListItem","position":3,"name":"Opportunit\u00e9s par objectif d\u2019investissemen"}]},{"@type":"WebSite","@id":"https:\/\/valorisimo.com\/fr\/#website","url":"https:\/\/valorisimo.com\/fr\/","name":"Valorisimo","description":"","publisher":{"@id":"https:\/\/valorisimo.com\/fr\/#organization"},"potentialAction":[{"@type":"SearchAction","target":{"@type":"EntryPoint","urlTemplate":"https:\/\/valorisimo.com\/fr\/?s={search_term_string}"},"query-input":{"@type":"PropertyValueSpecification","valueRequired":true,"valueName":"search_term_string"}}],"inLanguage":"fr-FR"},{"@type":"Organization","@id":"https:\/\/valorisimo.com\/fr\/#organization","name":"Valorisimo","url":"https:\/\/valorisimo.com\/fr\/","logo":{"@type":"ImageObject","inLanguage":"fr-FR","@id":"https:\/\/valorisimo.com\/fr\/#\/schema\/logo\/image\/","url":"https:\/\/valorisimo.com\/wp-content\/uploads\/2025\/10\/VALORISIMO-logo-white.webp","contentUrl":"https:\/\/valorisimo.com\/wp-content\/uploads\/2025\/10\/VALORISIMO-logo-white.webp","width":370,"height":69,"caption":"Valorisimo"},"image":{"@id":"https:\/\/valorisimo.com\/fr\/#\/schema\/logo\/image\/"}}]}},"_links":{"self":[{"href":"https:\/\/valorisimo.com\/fr\/wp-json\/wp\/v2\/pages\/23529","targetHints":{"allow":["GET"]}}],"collection":[{"href":"https:\/\/valorisimo.com\/fr\/wp-json\/wp\/v2\/pages"}],"about":[{"href":"https:\/\/valorisimo.com\/fr\/wp-json\/wp\/v2\/types\/page"}],"author":[{"embeddable":true,"href":"https:\/\/valorisimo.com\/fr\/wp-json\/wp\/v2\/users\/4"}],"replies":[{"embeddable":true,"href":"https:\/\/valorisimo.com\/fr\/wp-json\/wp\/v2\/comments?post=23529"}],"version-history":[{"count":9,"href":"https:\/\/valorisimo.com\/fr\/wp-json\/wp\/v2\/pages\/23529\/revisions"}],"predecessor-version":[{"id":24883,"href":"https:\/\/valorisimo.com\/fr\/wp-json\/wp\/v2\/pages\/23529\/revisions\/24883"}],"up":[{"embeddable":true,"href":"https:\/\/valorisimo.com\/fr\/wp-json\/wp\/v2\/pages\/16033"}],"wp:attachment":[{"href":"https:\/\/valorisimo.com\/fr\/wp-json\/wp\/v2\/media?parent=23529"}],"curies":[{"name":"wp","href":"https:\/\/api.w.org\/{rel}","templated":true}]}}