{"id":23025,"date":"2025-05-12T10:13:55","date_gmt":"2025-05-12T10:13:55","guid":{"rendered":"https:\/\/valorisimo.com\/opportunities\/opportunites-par-ville\/"},"modified":"2025-06-18T10:59:57","modified_gmt":"2025-06-18T10:59:57","slug":"opportunites-par-ville","status":"publish","type":"page","link":"https:\/\/valorisimo.com\/fr\/opportunities\/opportunites-par-ville\/","title":{"rendered":"Opportunit\u00e9s par ville"},"content":{"rendered":"\t\t<div data-elementor-type=\"wp-page\" data-elementor-id=\"23025\" class=\"elementor elementor-23025 elementor-22872\" data-elementor-post-type=\"page\">\n\t\t\t\t<div class=\"elementor-element elementor-element-61c07d7 e-flex e-con-boxed e-con e-parent\" data-id=\"61c07d7\" data-element_type=\"container\">\n\t\t\t\t\t<div class=\"e-con-inner\">\n\t\t\t\t<div class=\"elementor-element elementor-element-47aa612 elementor-widget elementor-widget-html\" data-id=\"47aa612\" data-element_type=\"widget\" data-widget_type=\"html.default\">\n\t\t\t\t<div class=\"elementor-widget-container\">\n\t\t\t<a href=\"#\" class=\"opp-back-sm-button\">\n            <i class=\"fa fa-chevron-left\"><\/i><span class=\"back-span\">Pr\u00e9c\u00e9dent<\/span>\n        <\/a>\t\t<\/div>\n\t\t\t\t<\/div>\n\t\t\t\t\t<\/div>\n\t\t\t\t<\/div>\n\t\t<div class=\"elementor-element elementor-element-d7ac72a e-flex e-con-boxed e-con e-parent\" data-id=\"d7ac72a\" data-element_type=\"container\">\n\t\t\t\t\t<div class=\"e-con-inner\">\n\t\t<div class=\"elementor-element elementor-element-ff8e245 e-con-full e-flex e-con e-child\" data-id=\"ff8e245\" data-element_type=\"container\">\n\t\t\t\t<div class=\"elementor-element elementor-element-b575313 elementor-position-left elementor-position-left elementor-vertical-align-middle image-left elementor-widget elementor-widget-image-box\" data-id=\"b575313\" data-element_type=\"widget\" data-widget_type=\"image-box.default\">\n\t\t\t\t<div class=\"elementor-widget-container\">\n\t\t\t<div class=\"elementor-image-box-wrapper\"><figure class=\"elementor-image-box-img\"><a href=\"https:\/\/valorisimo.com\/fr\/dubai\/achat\/\" tabindex=\"-1\"><img decoding=\"async\" src=\"https:\/\/valorisimo.com\/wp-content\/uploads\/elementor\/thumbs\/Dubai-1-r60xazrseidq3a0gje48aj7f4tzwggy0iluq82cvy0.jpg\" title=\"Dubai.jpg\" alt=\"\" loading=\"lazy\" \/><\/a><\/figure><div class=\"elementor-image-box-content\"><h3 class=\"elementor-image-box-title\"><a href=\"https:\/\/valorisimo.com\/fr\/dubai\/achat\/\">Dubai<\/a><\/h3><p class=\"elementor-image-box-description\">Voir les derniers projets<br>\n<a href=\"https:\/\/valorisimo.com\/fr\/dubai\/achat\/\n\">Explorez Dubai<\/a><\/p><\/div><\/div>\t\t<\/div>\n\t\t\t\t<\/div>\n\t\t\t\t<\/div>\n\t\t<div class=\"elementor-element elementor-element-5027523 e-con-full e-flex e-con e-child\" data-id=\"5027523\" data-element_type=\"container\">\n\t\t\t\t<div class=\"elementor-element elementor-element-a86ac69 elementor-position-left elementor-position-left elementor-vertical-align-middle image-left img-odd elementor-widget elementor-widget-image-box\" data-id=\"a86ac69\" data-element_type=\"widget\" data-widget_type=\"image-box.default\">\n\t\t\t\t<div class=\"elementor-widget-container\">\n\t\t\t<div class=\"elementor-image-box-wrapper\"><figure class=\"elementor-image-box-img\"><a href=\"https:\/\/valorisimo.com\/fr\/abu-dhabi\/achat\/\" tabindex=\"-1\"><img decoding=\"async\" src=\"https:\/\/valorisimo.com\/wp-content\/uploads\/elementor\/thumbs\/Abu-Dhabi-2-1-r60xp58bapr4vxgfwic0tyn93o8ucf4j4nfwc1di9k.jpg\" title=\"Abu-Dhabi-2.jpg\" alt=\"\" loading=\"lazy\" \/><\/a><\/figure><div class=\"elementor-image-box-content\"><h3 class=\"elementor-image-box-title\"><a href=\"https:\/\/valorisimo.com\/fr\/abu-dhabi\/achat\/\">Abu Dhabi<\/a><\/h3><p class=\"elementor-image-box-description\">Voir les derniers projets<br>\n<a href=\"https:\/\/valorisimo.com\/fr\/abu-dhabi\/achat\/\n\">Explorez Abu Dhabi <\/a><\/p><\/div><\/div>\t\t<\/div>\n\t\t\t\t<\/div>\n\t\t\t\t<\/div>\n\t\t\t\t\t<\/div>\n\t\t\t\t<\/div>\n\t\t<div class=\"elementor-element elementor-element-e12856f e-flex e-con-boxed e-con e-parent\" data-id=\"e12856f\" data-element_type=\"container\">\n\t\t\t\t\t<div class=\"e-con-inner\">\n\t\t<div class=\"elementor-element elementor-element-83f3e4a e-con-full e-flex e-con e-child\" data-id=\"83f3e4a\" data-element_type=\"container\">\n\t\t\t\t<div class=\"elementor-element elementor-element-b4d5ffa elementor-position-left elementor-position-left elementor-vertical-align-middle image-left elementor-widget elementor-widget-image-box\" data-id=\"b4d5ffa\" data-element_type=\"widget\" data-widget_type=\"image-box.default\">\n\t\t\t\t<div class=\"elementor-widget-container\">\n\t\t\t<div class=\"elementor-image-box-wrapper\"><figure class=\"elementor-image-box-img\"><a href=\"https:\/\/valorisimo.com\/fr\/ras-al-khaimah\/achat\/\" tabindex=\"-1\"><img decoding=\"async\" src=\"https:\/\/valorisimo.com\/wp-content\/uploads\/elementor\/thumbs\/Ras-al-Khaima-1-r60xppwrh2jfzcmejr9tctfe65ex1remjhskw4iugo.jpg\" title=\"Ras-al-Khaima.jpg\" alt=\"\" loading=\"lazy\" \/><\/a><\/figure><div class=\"elementor-image-box-content\"><h3 class=\"elementor-image-box-title\"><a href=\"https:\/\/valorisimo.com\/fr\/ras-al-khaimah\/achat\/\">Ras Al-Khaimah<\/a><\/h3><p class=\"elementor-image-box-description\">Voir les derniers projets<br>\n<a href=\"https:\/\/valorisimo.com\/fr\/ras-al-khaimah\/achat\/\">Explorez Ras Al-Khaimah<\/a><\/p><\/div><\/div>\t\t<\/div>\n\t\t\t\t<\/div>\n\t\t\t\t<\/div>\n\t\t<div class=\"elementor-element elementor-element-8b12d97 e-con-full e-flex e-con e-child\" data-id=\"8b12d97\" data-element_type=\"container\">\n\t\t\t\t<div class=\"elementor-element elementor-element-3e5d420 elementor-position-left elementor-position-left elementor-vertical-align-middle image-left img-odd elementor-widget elementor-widget-image-box\" data-id=\"3e5d420\" data-element_type=\"widget\" data-widget_type=\"image-box.default\">\n\t\t\t\t<div class=\"elementor-widget-container\">\n\t\t\t<div class=\"elementor-image-box-wrapper\"><figure class=\"elementor-image-box-img\"><a href=\"https:\/\/valorisimo.com\/fr\/sharjah\/achat\/\" tabindex=\"-1\"><img decoding=\"async\" src=\"https:\/\/valorisimo.com\/wp-content\/uploads\/elementor\/thumbs\/Sharjah-1-r60xprsfuqm0mkjo8s32hsybcx5nh5m37r3juog248.jpg\" title=\"Sharjah.jpg\" alt=\"\" loading=\"lazy\" \/><\/a><\/figure><div class=\"elementor-image-box-content\"><h3 class=\"elementor-image-box-title\"><a href=\"https:\/\/valorisimo.com\/fr\/sharjah\/achat\/\">Sharjah<\/a><\/h3><p class=\"elementor-image-box-description\">Voir les derniers projets<br>\n<a href=\"https:\/\/valorisimo.com\/fr\/sharjah\/achat\/\">Explorez Sharjah<\/a><\/p><\/div><\/div>\t\t<\/div>\n\t\t\t\t<\/div>\n\t\t\t\t<\/div>\n\t\t\t\t\t<\/div>\n\t\t\t\t<\/div>\n\t\t<div class=\"elementor-element elementor-element-54479c3 e-flex e-con-boxed e-con e-parent\" data-id=\"54479c3\" data-element_type=\"container\">\n\t\t\t\t\t<div class=\"e-con-inner\">\n\t\t<div class=\"elementor-element elementor-element-3818ca3 e-con-full e-flex e-con e-child\" data-id=\"3818ca3\" data-element_type=\"container\">\n\t\t\t\t<div class=\"elementor-element elementor-element-e1810f1 elementor-position-left elementor-position-left elementor-vertical-align-middle image-left  elementor-widget elementor-widget-image-box\" data-id=\"e1810f1\" data-element_type=\"widget\" data-widget_type=\"image-box.default\">\n\t\t\t\t<div class=\"elementor-widget-container\">\n\t\t\t<div class=\"elementor-image-box-wrapper\"><figure class=\"elementor-image-box-img\"><a href=\"https:\/\/valorisimo.com\/fr\/ajman\/achat\/\" tabindex=\"-1\"><img decoding=\"async\" src=\"https:\/\/valorisimo.com\/wp-content\/uploads\/elementor\/thumbs\/Dubai-1-r60xazrseidq3a0gje48aj7f4tzwggy0iluq82cvy0.jpg\" title=\"Dubai.jpg\" alt=\"\" loading=\"lazy\" \/><\/a><\/figure><div class=\"elementor-image-box-content\"><h3 class=\"elementor-image-box-title\"><a href=\"https:\/\/valorisimo.com\/fr\/ajman\/achat\/\">Ajman<\/a><\/h3><p class=\"elementor-image-box-description\">Voir les derniers projets<br>\n<a href=\"https:\/\/valorisimo.com\/fr\/ajman\/achat\/\">Explorez Ajman<\/a><\/p><\/div><\/div>\t\t<\/div>\n\t\t\t\t<\/div>\n\t\t\t\t<\/div>\n\t\t\t\t\t<\/div>\n\t\t\t\t<\/div>\n\t\t\t\t<\/div>\n\t\t","protected":false},"excerpt":{"rendered":"<p>Pr\u00e9c\u00e9dent Dubai Voir les derniers projets Explorez Dubai Abu Dhabi Voir les derniers projets Explorez Abu Dhabi Ras Al-Khaimah Voir les derniers projets Explorez Ras Al-Khaimah Sharjah Voir les derniers projets Explorez Sharjah Ajman Voir les derniers projets Explorez Ajman<\/p>\n","protected":false},"author":4,"featured_media":0,"parent":16033,"menu_order":0,"comment_status":"closed","ping_status":"closed","template":"elementor_theme","meta":{"footnotes":""},"class_list":["post-23025","page","type-page","status-publish","hentry"],"yoast_head":"<!-- This site is optimized with the Yoast SEO plugin v26.5 - https:\/\/yoast.com\/wordpress\/plugins\/seo\/ -->\n<title>Opportunit\u00e9s par ville - Valorisimo<\/title>\n<meta name=\"robots\" content=\"index, follow, max-snippet:-1, max-image-preview:large, max-video-preview:-1\" \/>\n<link rel=\"canonical\" href=\"https:\/\/valorisimo.com\/fr\/wp-json\/wp\/v2\/pages\/23025\/\" \/>\n<meta property=\"og:locale\" content=\"fr_FR\" \/>\n<meta property=\"og:type\" content=\"article\" \/>\n<meta property=\"og:title\" content=\"Opportunit\u00e9s par ville - Valorisimo\" \/>\n<meta property=\"og:description\" content=\"Pr\u00e9c\u00e9dent Dubai Voir les derniers projets Explorez Dubai Abu Dhabi Voir les derniers projets Explorez Abu Dhabi Ras Al-Khaimah Voir les derniers projets Explorez Ras Al-Khaimah Sharjah Voir les derniers projets Explorez Sharjah Ajman Voir les derniers projets Explorez Ajman\" \/>\n<meta property=\"og:url\" content=\"https:\/\/valorisimo.com\/fr\/opportunities\/opportunites-par-ville\/\" \/>\n<meta property=\"og:site_name\" content=\"Valorisimo\" \/>\n<meta property=\"article:modified_time\" content=\"2025-06-18T10:59:57+00:00\" \/>\n<meta property=\"og:image\" content=\"https:\/\/valorisimo.com\/wp-content\/uploads\/elementor\/thumbs\/Dubai-1-r60xazrseidq3a0gje48aj7f4tzwggy0iluq82cvy0.jpg\" \/>\n<meta name=\"twitter:card\" content=\"summary_large_image\" \/>\n<meta name=\"twitter:label1\" content=\"Dur\u00e9e de lecture estim\u00e9e\" \/>\n\t<meta name=\"twitter:data1\" content=\"2 minutes\" \/>\n<script type=\"application\/ld+json\" class=\"yoast-schema-graph\">{\"@context\":\"https:\/\/schema.org\",\"@graph\":[{\"@type\":\"WebPage\",\"@id\":\"https:\/\/valorisimo.com\/fr\/opportunities\/opportunites-par-ville\/\",\"url\":\"https:\/\/valorisimo.com\/fr\/opportunities\/opportunites-par-ville\/\",\"name\":\"Opportunit\u00e9s par ville - Valorisimo\",\"isPartOf\":{\"@id\":\"https:\/\/valorisimo.com\/fr\/#website\"},\"primaryImageOfPage\":{\"@id\":\"https:\/\/valorisimo.com\/fr\/opportunities\/opportunites-par-ville\/#primaryimage\"},\"image\":{\"@id\":\"https:\/\/valorisimo.com\/fr\/opportunities\/opportunites-par-ville\/#primaryimage\"},\"thumbnailUrl\":\"https:\/\/valorisimo.com\/wp-content\/uploads\/elementor\/thumbs\/Dubai-1-r60xazrseidq3a0gje48aj7f4tzwggy0iluq82cvy0.jpg\",\"datePublished\":\"2025-05-12T10:13:55+00:00\",\"dateModified\":\"2025-06-18T10:59:57+00:00\",\"breadcrumb\":{\"@id\":\"https:\/\/valorisimo.com\/fr\/opportunities\/opportunites-par-ville\/#breadcrumb\"},\"inLanguage\":\"fr-FR\",\"potentialAction\":[{\"@type\":\"ReadAction\",\"target\":[\"https:\/\/valorisimo.com\/fr\/opportunities\/opportunites-par-ville\/\"]}]},{\"@type\":\"ImageObject\",\"inLanguage\":\"fr-FR\",\"@id\":\"https:\/\/valorisimo.com\/fr\/opportunities\/opportunites-par-ville\/#primaryimage\",\"url\":\"https:\/\/valorisimo.com\/wp-content\/uploads\/elementor\/thumbs\/Dubai-1-r60xazrseidq3a0gje48aj7f4tzwggy0iluq82cvy0.jpg\",\"contentUrl\":\"https:\/\/valorisimo.com\/wp-content\/uploads\/elementor\/thumbs\/Dubai-1-r60xazrseidq3a0gje48aj7f4tzwggy0iluq82cvy0.jpg\"},{\"@type\":\"BreadcrumbList\",\"@id\":\"https:\/\/valorisimo.com\/fr\/opportunities\/opportunites-par-ville\/#breadcrumb\",\"itemListElement\":[{\"@type\":\"ListItem\",\"position\":1,\"name\":\"Home\",\"item\":\"https:\/\/valorisimo.com\/fr\/\"},{\"@type\":\"ListItem\",\"position\":2,\"name\":\"Opportunit\u00e9s\",\"item\":\"https:\/\/valorisimo.com\/fr\/opportunities\/\"},{\"@type\":\"ListItem\",\"position\":3,\"name\":\"Opportunit\u00e9s par ville\"}]},{\"@type\":\"WebSite\",\"@id\":\"https:\/\/valorisimo.com\/fr\/#website\",\"url\":\"https:\/\/valorisimo.com\/fr\/\",\"name\":\"Valorisimo\",\"description\":\"\",\"publisher\":{\"@id\":\"https:\/\/valorisimo.com\/fr\/#organization\"},\"potentialAction\":[{\"@type\":\"SearchAction\",\"target\":{\"@type\":\"EntryPoint\",\"urlTemplate\":\"https:\/\/valorisimo.com\/fr\/?s={search_term_string}\"},\"query-input\":{\"@type\":\"PropertyValueSpecification\",\"valueRequired\":true,\"valueName\":\"search_term_string\"}}],\"inLanguage\":\"fr-FR\"},{\"@type\":\"Organization\",\"@id\":\"https:\/\/valorisimo.com\/fr\/#organization\",\"name\":\"Valorisimo\",\"url\":\"https:\/\/valorisimo.com\/fr\/\",\"logo\":{\"@type\":\"ImageObject\",\"inLanguage\":\"fr-FR\",\"@id\":\"https:\/\/valorisimo.com\/fr\/#\/schema\/logo\/image\/\",\"url\":\"https:\/\/valorisimo.com\/wp-content\/uploads\/2025\/10\/VALORISIMO-logo-white.webp\",\"contentUrl\":\"https:\/\/valorisimo.com\/wp-content\/uploads\/2025\/10\/VALORISIMO-logo-white.webp\",\"width\":370,\"height\":69,\"caption\":\"Valorisimo\"},\"image\":{\"@id\":\"https:\/\/valorisimo.com\/fr\/#\/schema\/logo\/image\/\"}}]}<\/script>\n<!-- \/ Yoast SEO plugin. -->","yoast_head_json":{"title":"Opportunit\u00e9s par ville - Valorisimo","robots":{"index":"index","follow":"follow","max-snippet":"max-snippet:-1","max-image-preview":"max-image-preview:large","max-video-preview":"max-video-preview:-1"},"canonical":"https:\/\/valorisimo.com\/fr\/wp-json\/wp\/v2\/pages\/23025\/","og_locale":"fr_FR","og_type":"article","og_title":"Opportunit\u00e9s par ville - Valorisimo","og_description":"Pr\u00e9c\u00e9dent Dubai Voir les derniers projets Explorez Dubai Abu Dhabi Voir les derniers projets Explorez Abu Dhabi Ras Al-Khaimah Voir les derniers projets Explorez Ras Al-Khaimah Sharjah Voir les derniers projets Explorez Sharjah Ajman Voir les derniers projets Explorez Ajman","og_url":"https:\/\/valorisimo.com\/fr\/opportunities\/opportunites-par-ville\/","og_site_name":"Valorisimo","article_modified_time":"2025-06-18T10:59:57+00:00","og_image":[{"url":"https:\/\/valorisimo.com\/wp-content\/uploads\/elementor\/thumbs\/Dubai-1-r60xazrseidq3a0gje48aj7f4tzwggy0iluq82cvy0.jpg","type":"","width":"","height":""}],"twitter_card":"summary_large_image","twitter_misc":{"Dur\u00e9e de lecture estim\u00e9e":"2 minutes"},"schema":{"@context":"https:\/\/schema.org","@graph":[{"@type":"WebPage","@id":"https:\/\/valorisimo.com\/fr\/opportunities\/opportunites-par-ville\/","url":"https:\/\/valorisimo.com\/fr\/opportunities\/opportunites-par-ville\/","name":"Opportunit\u00e9s par ville - Valorisimo","isPartOf":{"@id":"https:\/\/valorisimo.com\/fr\/#website"},"primaryImageOfPage":{"@id":"https:\/\/valorisimo.com\/fr\/opportunities\/opportunites-par-ville\/#primaryimage"},"image":{"@id":"https:\/\/valorisimo.com\/fr\/opportunities\/opportunites-par-ville\/#primaryimage"},"thumbnailUrl":"https:\/\/valorisimo.com\/wp-content\/uploads\/elementor\/thumbs\/Dubai-1-r60xazrseidq3a0gje48aj7f4tzwggy0iluq82cvy0.jpg","datePublished":"2025-05-12T10:13:55+00:00","dateModified":"2025-06-18T10:59:57+00:00","breadcrumb":{"@id":"https:\/\/valorisimo.com\/fr\/opportunities\/opportunites-par-ville\/#breadcrumb"},"inLanguage":"fr-FR","potentialAction":[{"@type":"ReadAction","target":["https:\/\/valorisimo.com\/fr\/opportunities\/opportunites-par-ville\/"]}]},{"@type":"ImageObject","inLanguage":"fr-FR","@id":"https:\/\/valorisimo.com\/fr\/opportunities\/opportunites-par-ville\/#primaryimage","url":"https:\/\/valorisimo.com\/wp-content\/uploads\/elementor\/thumbs\/Dubai-1-r60xazrseidq3a0gje48aj7f4tzwggy0iluq82cvy0.jpg","contentUrl":"https:\/\/valorisimo.com\/wp-content\/uploads\/elementor\/thumbs\/Dubai-1-r60xazrseidq3a0gje48aj7f4tzwggy0iluq82cvy0.jpg"},{"@type":"BreadcrumbList","@id":"https:\/\/valorisimo.com\/fr\/opportunities\/opportunites-par-ville\/#breadcrumb","itemListElement":[{"@type":"ListItem","position":1,"name":"Home","item":"https:\/\/valorisimo.com\/fr\/"},{"@type":"ListItem","position":2,"name":"Opportunit\u00e9s","item":"https:\/\/valorisimo.com\/fr\/opportunities\/"},{"@type":"ListItem","position":3,"name":"Opportunit\u00e9s par ville"}]},{"@type":"WebSite","@id":"https:\/\/valorisimo.com\/fr\/#website","url":"https:\/\/valorisimo.com\/fr\/","name":"Valorisimo","description":"","publisher":{"@id":"https:\/\/valorisimo.com\/fr\/#organization"},"potentialAction":[{"@type":"SearchAction","target":{"@type":"EntryPoint","urlTemplate":"https:\/\/valorisimo.com\/fr\/?s={search_term_string}"},"query-input":{"@type":"PropertyValueSpecification","valueRequired":true,"valueName":"search_term_string"}}],"inLanguage":"fr-FR"},{"@type":"Organization","@id":"https:\/\/valorisimo.com\/fr\/#organization","name":"Valorisimo","url":"https:\/\/valorisimo.com\/fr\/","logo":{"@type":"ImageObject","inLanguage":"fr-FR","@id":"https:\/\/valorisimo.com\/fr\/#\/schema\/logo\/image\/","url":"https:\/\/valorisimo.com\/wp-content\/uploads\/2025\/10\/VALORISIMO-logo-white.webp","contentUrl":"https:\/\/valorisimo.com\/wp-content\/uploads\/2025\/10\/VALORISIMO-logo-white.webp","width":370,"height":69,"caption":"Valorisimo"},"image":{"@id":"https:\/\/valorisimo.com\/fr\/#\/schema\/logo\/image\/"}}]}},"_links":{"self":[{"href":"https:\/\/valorisimo.com\/fr\/wp-json\/wp\/v2\/pages\/23025","targetHints":{"allow":["GET"]}}],"collection":[{"href":"https:\/\/valorisimo.com\/fr\/wp-json\/wp\/v2\/pages"}],"about":[{"href":"https:\/\/valorisimo.com\/fr\/wp-json\/wp\/v2\/types\/page"}],"author":[{"embeddable":true,"href":"https:\/\/valorisimo.com\/fr\/wp-json\/wp\/v2\/users\/4"}],"replies":[{"embeddable":true,"href":"https:\/\/valorisimo.com\/fr\/wp-json\/wp\/v2\/comments?post=23025"}],"version-history":[{"count":9,"href":"https:\/\/valorisimo.com\/fr\/wp-json\/wp\/v2\/pages\/23025\/revisions"}],"predecessor-version":[{"id":24886,"href":"https:\/\/valorisimo.com\/fr\/wp-json\/wp\/v2\/pages\/23025\/revisions\/24886"}],"up":[{"embeddable":true,"href":"https:\/\/valorisimo.com\/fr\/wp-json\/wp\/v2\/pages\/16033"}],"wp:attachment":[{"href":"https:\/\/valorisimo.com\/fr\/wp-json\/wp\/v2\/media?parent=23025"}],"curies":[{"name":"wp","href":"https:\/\/api.w.org\/{rel}","templated":true}]}}