{"id":22211,"date":"2025-04-25T07:03:06","date_gmt":"2025-04-25T07:03:06","guid":{"rendered":"https:\/\/valorisimo.com\/the-tool\/"},"modified":"2026-02-24T15:52:55","modified_gmt":"2026-02-24T15:52:55","slug":"the-tool","status":"publish","type":"page","link":"https:\/\/valorisimo.com\/fr\/the-tool\/","title":{"rendered":"the tool"},"content":{"rendered":"\t\t<div data-elementor-type=\"wp-page\" data-elementor-id=\"22211\" class=\"elementor elementor-22211 elementor-21967\" data-elementor-post-type=\"page\">\n\t\t\t\t<div class=\"elementor-element elementor-element-62b62e7 sep-tool e-con-full e-flex e-con e-parent\" data-id=\"62b62e7\" data-element_type=\"container\" data-settings=\"{&quot;background_background&quot;:&quot;classic&quot;}\">\n\t\t<div class=\"elementor-element elementor-element-e98aa47 e-flex e-con-boxed e-con e-child\" data-id=\"e98aa47\" data-element_type=\"container\" data-settings=\"{&quot;background_background&quot;:&quot;classic&quot;}\">\n\t\t\t\t\t<div class=\"e-con-inner\">\n\t\t\t\t<div class=\"elementor-element elementor-element-d70482b new-ota-search elementor-widget elementor-widget-html\" data-id=\"d70482b\" data-element_type=\"widget\" data-widget_type=\"html.default\">\n\t\t\t\t<div class=\"elementor-widget-container\">\n\t\t\t<a href=\"#\" class=\"opp-back-sm-button\">\n            <i class=\"fa fa-chevron-left\"><\/i><span class=\"back-span\">Pr\u00e9c\u00e9dent<\/span>\n        <\/a>\t\t<\/div>\n\t\t\t\t<\/div>\n\t\t<div class=\"elementor-element elementor-element-59c6d8c e-con-full e-flex e-con e-child\" data-id=\"59c6d8c\" data-element_type=\"container\" data-settings=\"{&quot;background_background&quot;:&quot;classic&quot;}\">\n\t\t\t\t<div class=\"elementor-element elementor-element-8552ea1 elementor-widget__width-initial elementor-widget elementor-widget-heading\" data-id=\"8552ea1\" data-element_type=\"widget\" data-widget_type=\"heading.default\">\n\t\t\t\t<div class=\"elementor-widget-container\">\n\t\t\t<h1 class=\"elementor-heading-title elementor-size-default\">Trouvez le bien immobilier adapt\u00e9 \u00e0 votre  <span class=\"gold\"> objectif d\u2019investissement<\/span> \u00e0 Duba\u00ef et aux \u00c9mirats<\/h1>\t\t<\/div>\n\t\t\t\t<\/div>\n\t\t\t\t<div class=\"elementor-element elementor-element-4be67b2 elementor-widget elementor-widget-heading\" data-id=\"4be67b2\" data-element_type=\"widget\" data-widget_type=\"heading.default\">\n\t\t\t\t<div class=\"elementor-widget-container\">\n\t\t\t<p class=\"elementor-heading-title elementor-size-default\">Propuls\u00e9 par des donn\u00e9es en temps r\u00e9el et vos objectifs personnels. Vous obtenez des correspondances immobili\u00e8res qui ont vraiment du sens \u2014 sans suppositions, sans d\u00e9filement interminable.<\/p>\t\t<\/div>\n\t\t\t\t<\/div>\n\t\t\t\t<\/div>\n\t\t\t\t\t<\/div>\n\t\t\t\t<\/div>\n\t\t\t\t<\/div>\n\t\t<div class=\"elementor-element elementor-element-f19ea66 e-con-full new-ota-search e-flex e-con e-parent\" data-id=\"f19ea66\" data-element_type=\"container\">\n\t\t<div class=\"elementor-element elementor-element-138a341 e-flex e-con-boxed e-con e-child\" data-id=\"138a341\" data-element_type=\"container\">\n\t\t\t\t\t<div class=\"e-con-inner\">\n\t\t\t\t<div class=\"elementor-element elementor-element-a4b5968 elementor-widget elementor-widget-shortcode\" data-id=\"a4b5968\" data-element_type=\"widget\" data-widget_type=\"shortcode.default\">\n\t\t\t\t<div class=\"elementor-widget-container\">\n\t\t\t\t\t<div class=\"elementor-shortcode\"><link rel=\"stylesheet\" href=\"https:\/\/cdn.jsdelivr.net\/npm\/intl-tel-input@25.3.0\/build\/css\/intlTelInput.css\">\r\n<script src=\"https:\/\/cdn.jsdelivr.net\/npm\/intl-tel-input@25.3.0\/build\/js\/intlTelInput.min.js\"><\/script>\r\n<div class=\"single-greeting\"><\/div>\r\n<div id=\"currency-switcher\">\r\n  <button data-currency=\"AED\">AED<\/button>\r\n  <button data-currency=\"USD\">USD<\/button>\r\n  <button data-currency=\"EUR\">EUR<\/button>\r\n  <button data-currency=\"GBP\">GBP<\/button>\r\n<\/div>\r\n<div class=\"back-button\" style=\"display: none\">\r\n<a href=\"#\" id=\"smart-back-button\">\u2190 Pr\u00e9c\u00e9dent <\/a>\r\n<\/div>\r\n<div id=\"opportunity-filters\" class=\"ota-filters-el\">\r\n    <div class=\"mobile-filter-toggle\">\r\n        <div id=\"mobile-opp-filter-toggle\" class=\"fake-filters-wrapper\" style=\"display: none\">\r\n            <div class=\"fake-filter\">\r\n                <label>Ville<\/label>\r\n                <div class=\"fake-select\">\r\n                    <span class=\"fake-select-city\">Select...<\/span>\r\n                <\/div>\r\n            <\/div>\r\n            <div class=\"fake-filter\">\r\n                <label>Objectif de mon Achat<\/label>\r\n                <div class=\"fake-select\">\r\n                    <span class=\"fake-select-objective\">Select...<\/span>\r\n                <\/div>\r\n            <\/div>\r\n            <div class=\"mobile-price-filter additional-filters\" style=\"display:none\">\r\n                <label for=\"filter-max-price\">\r\n                    Prix Max.                  \r\n                <\/label>\r\n                    <input \r\n                        type=\"number\" \r\n                        id=\"mob-fake-filter-max-price\" \r\n                        name=\"mob-f-max-price\" \r\n                        style=\"max-width: 130px; margin: 0;\" \r\n                        placeholder=\"e.g. 2 000 000\" \r\n                        data-placeholder-aed=\"2000000\"\r\n                    >\r\n                <div id=\"mob-fake-filter-max-price-submit\" class=\"fake-filter-submit\">\r\n                    <i class=\"fa fa-check\"><\/i>\r\n                <\/div>\r\n            <\/div>\r\n        <\/div>\r\n        \r\n    <\/div>\r\n<form id=\"opportunity-search-form-ota\" class=\"expanded\">\r\n    <div id=\"mobile-opp-filter-toggle-closer\"><i class=\"fa fa-xmark\"><\/i><\/div>\r\n    <!-- City -->\r\n    <div class=\"filter-group\">\r\n        <label for=\"filter-city\">Ville<\/label>\r\n        <select id=\"filter-city\" name=\"city\">\r\n            <option value=\"\">Toutes les villes<\/option>\r\n            <option value=\"Dubai\">Dubai<\/option>\r\n            <option value=\"Abu Dhabi\">Abu Dhabi<\/option>\r\n            <option value=\"Ras Al-Khaimah\">Ras Al-Khaimah<\/option>\r\n            <option value=\"Sharjah\">Sharjah<\/option>\r\n            <option value=\"Ajman\">Ajman<\/option>\r\n            <option value=\"Umm Al Quwain\">Umm Al Quwain<\/option>\r\n            \r\n                    <\/select>\r\n    <\/div>\r\n    <!-- Investment Objective -->\r\n    <div class=\"filter-group\">\r\n        <label for=\"filter-objective\">Objectif de mon Achat<\/label>\r\n        <select id=\"filter-objective\" name=\"investment_objective\">\r\n                                                                    <option value=\"Capital Appreciation\">Achat \/ Revente<\/option>\r\n                                                        <option value=\"Occasionally rental and use\">Location et usage temporaires<\/option>\r\n                                                        <option value=\"Personal use\">Usage personnel<\/option>\r\n                                                        <option value=\"Rental Yield\">Maximiser le rendement locatif<\/option>\r\n                                    <\/select>\r\n    <\/div>\r\n    <!-- Downpayment Value --> \r\n    <div class=\"filter-group\">\r\n        <label for=\"filter-downpayment\">\r\n            Apport max \u00e0 la signature            (<span class=\"currency-symbol\" data-currency=\"AED\">AED<\/span>)\r\n        <\/label>\r\n        <input \r\n            type=\"number\" \r\n            id=\"filter-downpayment\" \r\n            name=\"downpayment\" \r\n            placeholder=\"e.g. 100 000\" \r\n            data-placeholder-aed=\"100000\"\r\n            required\r\n        >\r\n    <\/div>\r\n     <!-- Flat Type -->\r\n     <div class=\"filter-group additional-filters\" style=\"display: none\">\r\n        <label for=\"filter-flat-type\">Type de bien<\/label>\r\n        <select id=\"filter-flat-type\" name=\"flat_type\">\r\n            <option value=\"\">Tous<\/option>\r\n            <option value=\"Apartment\">Appartement<\/option>\r\n            <option value=\"Villa\">Villa<\/option>\r\n            <option value=\"Townhouse\">Maison<\/option>\r\n        <\/select>\r\n    <\/div>\r\n    <!-- Number of Bedrooms -->\r\n    <div class=\"filter-group additional-filters\" style=\"display: none\">\r\n        <label for=\"filter-bedrooms\">Nombre de chambres<\/label>\r\n        <select id=\"filter-bedrooms\" name=\"bedrooms\">\r\n            <option value=\"\">Tous<\/option>\r\n            <option value=\"0\">Studio<\/option>\r\n                            <option value=\"1\">1<\/option>\r\n                            <option value=\"2\">2<\/option>\r\n                            <option value=\"3\">3<\/option>\r\n                            <option value=\"4\">4<\/option>\r\n                            <option value=\"5\">5<\/option>\r\n                        <option value=\"6\">6+<\/option>\r\n        <\/select>\r\n    <\/div>\r\n    <div class=\"filter-group additional-filters\" style=\"display: none\">\r\n            <label for=\"filter-max-price\">\r\n                Prix maximum                (<span class=\"currency-symbol\" data-currency=\"AED\">AED<\/span>)\r\n            <\/label>\r\n            <input \r\n                type=\"number\" \r\n                id=\"filter-max-price\"\r\n                name=\"max-price\" \r\n                placeholder=\"e.g. 2 000 000\" \r\n                data-placeholder-aed=\"2000000\"\r\n            >\r\n\r\n    <\/div>\r\n           \r\n    <!-- Submit Button -->\r\n     <div class=\"oppo-search-button-container\">\r\n    <button type=\"submit\" id=\"filter-submit\">Recherchez<\/button>\r\n    <\/div>\r\n\r\n     <!-- additional filters -->\r\n              \r\n\r\n<\/form>\r\n\r\n<\/div>\r\n\r\n\r\n\r\n\r\n<div class=\"search-header-ota\" style=\"display: none\">\r\n    <h4 class=\"search-header-title\">\r\n        Voici les 3 meilleures propri\u00e9t\u00e9s correspondant \u00e0 vos besoins    <\/h4>\r\n    <div class=\"register-button-container\" style=\"display: none\">\r\n    <button class=\"register-button-ota centered-button\" >\r\n        Identifiez-vous pour voir <span> TOP2 & <span class=\"gold\">TOP1<\/span><\/span>\r\n    <\/button>\r\n<\/div>\r\n<\/div>\r\n<div class=\"opportunities-grid\">\r\n\r\n<\/div>\r\n<div class=\"ota-bottom-contact-buttons search-header-ota\" style=\"display: none\">\r\n    <a class=\"cusBtn icoBtn wa-btn\" href=\"https:\/\/wa.me\/971542364178\" target=\"_blank\">\r\n        <img decoding=\"async\" src=\"\/wp-content\/plugins\/valorisimo-opportunities\/assets\/img\/whatsapp-icon.png\">\r\n        <span>&nbsp;Besoin d\u2019aide ? Parlez \u00e0 notre expert.<\/span>\r\n    <\/a>\r\n    <a class=\"cusBtn icoBtn calendly-btn\" href=\"https:\/\/calendly.com\/valorismo\/reunion-avec-un-conseiller-pour-dubai\" target=\"_blank\">\r\n        <img decoding=\"async\" src=\"\/wp-content\/plugins\/valorisimo-opportunities\/assets\/img\/calendly-icon.png\">\r\n        <span>&nbsp;Besoin d\u2019aide ? Parlez \u00e0 notre expert.<\/span>\r\n    <\/a>\r\n            \r\n<\/div>\r\n<div class=\"register-button-container\" style=\"display: none\">\r\n    <button id=\"register-button\" class=\"register-button-ota\">\r\n        V\u00e9rifiez votre identit\u00e9 pour obtenir plus de r\u00e9sultats    <\/button>\r\n<\/div>\r\n<div class=\"ota-show-more-opportunities\" style=\"display: none\">\r\n    <button id=\"show-more-opportunities\" class=\"show-more-opportunities-ota\">\r\n        Afficher plus    <\/button>\r\n<\/div>\r\n<div class=\"ota-verification-form\" style=\"display: none\">\r\n<form id=\"ota-verification-form\" method=\"post\">\r\n    <div class=\"ota-page-one\">\r\n        <div class=\"form-group fg-ota\">\r\n            <label for=\"user-name\">Pr\u00e9nom<\/label>\r\n            <input type=\"text\" id=\"user-name\" name=\"user_name\" placeholder=\"ex. Jean\" required \/>\r\n            \r\n        <\/div>\r\n\r\n        <div class=\"form-group fg-ota\">\r\n            <label for=\"user-second-name\">Nom<\/label>\r\n            <input type=\"text\" id=\"user-second-name\" name=\"user_second_name\" placeholder=\"ex. Dupont\" required \/>\r\n            \r\n        <\/div>\r\n        <div class=\"form-group fg-ota\">\r\n            <label for=\"user-email\">Pas de spam, nous l'utiliserons uniquement pour vous envoyer vos r\u00e9sultats !<\/label>\r\n            <input type=\"email\" id=\"user-email\" name=\"user_email\" placeholder=\"nom@exemple.fr\" required \/>\r\n            <span id=\"email-error\" class=\"error-message\" style=\"display: none; color: red;\">\r\n            Veuillez saisir une adresse e-mail valide.            <\/span>\r\n        <\/div>\r\n        <div class=\"form-group fg-ota\">\r\n            <label for=\"user-phone\">Num\u00e9ro de t\u00e9l\u00e9phone<\/label>\r\n            <input type=\"tel\" id=\"user-phone\" name=\"user_phone\" required \/>\r\n            <span id=\"phone-error\" class=\"error-message\" style=\"display: none; color: red;\">\r\n                Veuillez saisir un num\u00e9ro de t\u00e9l\u00e9phone valide.            <\/span>\r\n            <div class=\"fortp\" style=\"display: none\"><\/div>\r\n                            <div class=\"cf-turnstile\" data-sitekey=\"0x4AAAAAACsL2APejjdnMQlB\"><\/div>\r\n                    <\/div>\r\n        <div class=\"ota-buttons\">\r\n            <button id=\"ota-1-next\" class=\"button button-primary btn-next\"><span>Confirmer<\/span> <i class=\"fa fa-arrow-right\"><\/i><\/button>\r\n        <\/div>\r\n    <\/div>\r\n    <div class=\"ota-page-two\" style=\"display: none;\">\r\n        <div class=\"form-group fg-ota\">\r\n            <label for=\"verification-code\">Entrez le code envoy\u00e9 sur votre t\u00e9l\u00e9phone<\/label>\r\n            <input type=\"text\" id=\"verification-code\" name=\"verification_code\" \/>\r\n            <span id=\"verification-error\" class=\"error-message\" style=\"display: none; color: red;\">\r\n                Veuillez saisir un code valide \u00e0 4 chiffres.            <\/span>\r\n        <\/div>\r\n        <div class=\"ota-buttons\">\r\n        <button id=\"ota-2-back\" class=\"button button-primary btn-back\"><i class=\"fa fa-arrow-left\"><\/i> Pr\u00e9c\u00e9dent<\/button>\r\n        <button id=\"ota-2-next\" class=\"button button-primary btn-next\"><span>Valider<\/span> <i class=\"fa fa-arrow-right\"><\/i><\/button>\r\n        <\/div>\r\n    <\/div>\r\n<\/form>\r\n\r\n<\/div>\r\n<div id=\"ota-opportunities-form\" style=\"display: none;\">\r\n\n<div class=\"wpcf7 no-js\" id=\"wpcf7-f21387-o1\" lang=\"fr-FR\" dir=\"ltr\" data-wpcf7-id=\"21387\">\n<div class=\"screen-reader-response\"><p role=\"status\" aria-live=\"polite\" aria-atomic=\"true\"><\/p> <ul><\/ul><\/div>\n<form action=\"\/fr\/wp-json\/wp\/v2\/pages\/22211#wpcf7-f21387-o1\" method=\"post\" class=\"wpcf7-form init\" aria-label=\"Formulaire de contact\" novalidate=\"novalidate\" data-status=\"init\">\n<fieldset class=\"hidden-fields-container\"><input type=\"hidden\" name=\"_wpcf7\" value=\"21387\" \/><input type=\"hidden\" name=\"_wpcf7_version\" value=\"6.1.4\" \/><input type=\"hidden\" name=\"_wpcf7_locale\" value=\"fr_FR\" \/><input type=\"hidden\" name=\"_wpcf7_unit_tag\" value=\"wpcf7-f21387-o1\" \/><input type=\"hidden\" name=\"_wpcf7_container_post\" value=\"0\" \/><input type=\"hidden\" name=\"_wpcf7_posted_data_hash\" value=\"\" \/><input type=\"hidden\" name=\"_wpcf7_recaptcha_response\" value=\"\" \/>\n<\/fieldset>\n<input class=\"wpcf7-form-control wpcf7-hidden\" value=\"\" type=\"hidden\" name=\"unique-ident\" \/>\n<span class=\"wpcf7-form-control-wrap\" data-name=\"wa-user-phone\"><input size=\"40\" maxlength=\"400\" class=\"wpcf7-form-control wpcf7-text wpcf7-validates-as-required\" readonly=\"readonly\" aria-required=\"true\" aria-invalid=\"false\" value=\"\" type=\"text\" name=\"wa-user-phone\" \/><\/span>\n<span class=\"wpcf7-form-control-wrap\" data-name=\"wa-user-email\"><input size=\"40\" maxlength=\"400\" class=\"wpcf7-form-control wpcf7-text\" readonly=\"readonly\" aria-invalid=\"false\" value=\"\" type=\"text\" name=\"wa-user-email\" \/><\/span>\n<span class=\"wpcf7-form-control-wrap\" data-name=\"wa-user-name\"><input size=\"40\" maxlength=\"400\" class=\"wpcf7-form-control wpcf7-text\" readonly=\"readonly\" aria-invalid=\"false\" value=\"\" type=\"text\" name=\"wa-user-name\" \/><\/span>\n<span class=\"wpcf7-form-control-wrap\" data-name=\"wa-user-second-name\"><input size=\"40\" maxlength=\"400\" class=\"wpcf7-form-control wpcf7-text\" readonly=\"readonly\" aria-invalid=\"false\" value=\"\" type=\"text\" name=\"wa-user-second-name\" \/><\/span>\n<span class=\"wpcf7-form-control-wrap\" data-name=\"wa-language\"><input size=\"40\" maxlength=\"400\" class=\"wpcf7-form-control wpcf7-text\" readonly=\"readonly\" aria-invalid=\"false\" value=\"\" type=\"text\" name=\"wa-language\" \/><\/span>\n<span class=\"wpcf7-form-control-wrap\" data-name=\"wa-llm-city\"><input size=\"40\" maxlength=\"400\" class=\"wpcf7-form-control wpcf7-text\" readonly=\"readonly\" aria-invalid=\"false\" value=\"\" type=\"text\" name=\"wa-llm-city\" \/><\/span>\n<span class=\"wpcf7-form-control-wrap\" data-name=\"wa-llm-objective\"><input size=\"40\" maxlength=\"400\" class=\"wpcf7-form-control wpcf7-text\" readonly=\"readonly\" aria-invalid=\"false\" value=\"\" type=\"text\" name=\"wa-llm-objective\" \/><\/span>\n<span class=\"wpcf7-form-control-wrap\" data-name=\"wa-llm-flat-type\"><input size=\"40\" maxlength=\"400\" class=\"wpcf7-form-control wpcf7-text\" readonly=\"readonly\" aria-invalid=\"false\" value=\"\" type=\"text\" name=\"wa-llm-flat-type\" \/><\/span>\n<span class=\"wpcf7-form-control-wrap\" data-name=\"wa-llm-downpayment\"><input size=\"40\" maxlength=\"400\" class=\"wpcf7-form-control wpcf7-text\" readonly=\"readonly\" aria-invalid=\"false\" value=\"\" type=\"text\" name=\"wa-llm-downpayment\" \/><\/span>\n<button class=\"wpcf7-form-control wpcf7-submit qodef-button qodef-size--normal qodef-layout--filled qodef-m\" type=\"submit\"><span class=\"qodef-m-text\">Send<\/span><\/button><div class=\"wpcf7-response-output\" aria-hidden=\"true\"><\/div>\n<\/form>\n<\/div>\n \r\n<\/div><\/div>\n\t\t\t\t<\/div>\n\t\t\t\t<\/div>\n\t\t\t\t\t<\/div>\n\t\t\t\t<\/div>\n\t\t\t\t<\/div>\n\t\t\t\t<\/div>\n\t\t","protected":false},"excerpt":{"rendered":"<p>Pr\u00e9c\u00e9dent Trouvez le bien immobilier adapt\u00e9 \u00e0 votre objectif d\u2019investissement \u00e0 Duba\u00ef et aux \u00c9mirats Propuls\u00e9 par des donn\u00e9es en temps r\u00e9el et vos objectifs personnels. Vous obtenez des correspondances immobili\u00e8res qui ont vraiment du sens \u2014 sans suppositions, sans d\u00e9filement interminable.<\/p>\n","protected":false},"author":4,"featured_media":0,"parent":0,"menu_order":0,"comment_status":"closed","ping_status":"closed","template":"page-full-width.php","meta":{"footnotes":""},"class_list":["post-22211","page","type-page","status-publish","hentry"],"yoast_head":"<!-- This site is optimized with the Yoast SEO plugin v26.5 - https:\/\/yoast.com\/wordpress\/plugins\/seo\/ -->\n<title>Essayez notre outil de matching intelligent<\/title>\n<meta name=\"robots\" content=\"index, follow, max-snippet:-1, max-image-preview:large, max-video-preview:-1\" \/>\n<link rel=\"canonical\" href=\"https:\/\/valorisimo.com\/fr\/wp-json\/wp\/v2\/pages\/22211\/\" \/>\n<meta property=\"og:locale\" content=\"fr_FR\" \/>\n<meta property=\"og:type\" content=\"article\" \/>\n<meta property=\"og:title\" content=\"Essayez notre outil de matching intelligent\" \/>\n<meta property=\"og:description\" content=\"Pr\u00e9c\u00e9dent Trouvez le bien immobilier adapt\u00e9 \u00e0 votre objectif d\u2019investissement \u00e0 Duba\u00ef et aux \u00c9mirats Propuls\u00e9 par des donn\u00e9es en temps r\u00e9el et vos objectifs personnels. Vous obtenez des correspondances immobili\u00e8res qui ont vraiment du sens \u2014 sans suppositions, sans d\u00e9filement interminable.\" \/>\n<meta property=\"og:url\" content=\"https:\/\/valorisimo.com\/fr\/the-tool\/\" \/>\n<meta property=\"og:site_name\" content=\"Valorisimo\" \/>\n<meta property=\"article:modified_time\" content=\"2026-02-24T15:52:55+00:00\" \/>\n<meta name=\"twitter:card\" content=\"summary_large_image\" \/>\n<meta name=\"twitter:label1\" content=\"Dur\u00e9e de lecture estim\u00e9e\" \/>\n\t<meta name=\"twitter:data1\" content=\"1 minute\" \/>\n<script type=\"application\/ld+json\" class=\"yoast-schema-graph\">{\"@context\":\"https:\/\/schema.org\",\"@graph\":[{\"@type\":\"WebPage\",\"@id\":\"https:\/\/valorisimo.com\/fr\/the-tool\/\",\"url\":\"https:\/\/valorisimo.com\/fr\/the-tool\/\",\"name\":\"Essayez notre outil de matching intelligent\",\"isPartOf\":{\"@id\":\"https:\/\/valorisimo.com\/fr\/#website\"},\"datePublished\":\"2025-04-25T07:03:06+00:00\",\"dateModified\":\"2026-02-24T15:52:55+00:00\",\"breadcrumb\":{\"@id\":\"https:\/\/valorisimo.com\/fr\/the-tool\/#breadcrumb\"},\"inLanguage\":\"fr-FR\",\"potentialAction\":[{\"@type\":\"ReadAction\",\"target\":[\"https:\/\/valorisimo.com\/fr\/the-tool\/\"]}]},{\"@type\":\"BreadcrumbList\",\"@id\":\"https:\/\/valorisimo.com\/fr\/the-tool\/#breadcrumb\",\"itemListElement\":[{\"@type\":\"ListItem\",\"position\":1,\"name\":\"Home\",\"item\":\"https:\/\/valorisimo.com\/fr\/\"},{\"@type\":\"ListItem\",\"position\":2,\"name\":\"the tool\"}]},{\"@type\":\"WebSite\",\"@id\":\"https:\/\/valorisimo.com\/fr\/#website\",\"url\":\"https:\/\/valorisimo.com\/fr\/\",\"name\":\"Valorisimo\",\"description\":\"\",\"publisher\":{\"@id\":\"https:\/\/valorisimo.com\/fr\/#organization\"},\"potentialAction\":[{\"@type\":\"SearchAction\",\"target\":{\"@type\":\"EntryPoint\",\"urlTemplate\":\"https:\/\/valorisimo.com\/fr\/?s={search_term_string}\"},\"query-input\":{\"@type\":\"PropertyValueSpecification\",\"valueRequired\":true,\"valueName\":\"search_term_string\"}}],\"inLanguage\":\"fr-FR\"},{\"@type\":\"Organization\",\"@id\":\"https:\/\/valorisimo.com\/fr\/#organization\",\"name\":\"Valorisimo\",\"url\":\"https:\/\/valorisimo.com\/fr\/\",\"logo\":{\"@type\":\"ImageObject\",\"inLanguage\":\"fr-FR\",\"@id\":\"https:\/\/valorisimo.com\/fr\/#\/schema\/logo\/image\/\",\"url\":\"https:\/\/valorisimo.com\/wp-content\/uploads\/2025\/10\/VALORISIMO-logo-white.webp\",\"contentUrl\":\"https:\/\/valorisimo.com\/wp-content\/uploads\/2025\/10\/VALORISIMO-logo-white.webp\",\"width\":370,\"height\":69,\"caption\":\"Valorisimo\"},\"image\":{\"@id\":\"https:\/\/valorisimo.com\/fr\/#\/schema\/logo\/image\/\"}}]}<\/script>\n<!-- \/ Yoast SEO plugin. -->","yoast_head_json":{"title":"Essayez notre outil de matching intelligent","robots":{"index":"index","follow":"follow","max-snippet":"max-snippet:-1","max-image-preview":"max-image-preview:large","max-video-preview":"max-video-preview:-1"},"canonical":"https:\/\/valorisimo.com\/fr\/wp-json\/wp\/v2\/pages\/22211\/","og_locale":"fr_FR","og_type":"article","og_title":"Essayez notre outil de matching intelligent","og_description":"Pr\u00e9c\u00e9dent Trouvez le bien immobilier adapt\u00e9 \u00e0 votre objectif d\u2019investissement \u00e0 Duba\u00ef et aux \u00c9mirats Propuls\u00e9 par des donn\u00e9es en temps r\u00e9el et vos objectifs personnels. Vous obtenez des correspondances immobili\u00e8res qui ont vraiment du sens \u2014 sans suppositions, sans d\u00e9filement interminable.","og_url":"https:\/\/valorisimo.com\/fr\/the-tool\/","og_site_name":"Valorisimo","article_modified_time":"2026-02-24T15:52:55+00:00","twitter_card":"summary_large_image","twitter_misc":{"Dur\u00e9e de lecture estim\u00e9e":"1 minute"},"schema":{"@context":"https:\/\/schema.org","@graph":[{"@type":"WebPage","@id":"https:\/\/valorisimo.com\/fr\/the-tool\/","url":"https:\/\/valorisimo.com\/fr\/the-tool\/","name":"Essayez notre outil de matching intelligent","isPartOf":{"@id":"https:\/\/valorisimo.com\/fr\/#website"},"datePublished":"2025-04-25T07:03:06+00:00","dateModified":"2026-02-24T15:52:55+00:00","breadcrumb":{"@id":"https:\/\/valorisimo.com\/fr\/the-tool\/#breadcrumb"},"inLanguage":"fr-FR","potentialAction":[{"@type":"ReadAction","target":["https:\/\/valorisimo.com\/fr\/the-tool\/"]}]},{"@type":"BreadcrumbList","@id":"https:\/\/valorisimo.com\/fr\/the-tool\/#breadcrumb","itemListElement":[{"@type":"ListItem","position":1,"name":"Home","item":"https:\/\/valorisimo.com\/fr\/"},{"@type":"ListItem","position":2,"name":"the tool"}]},{"@type":"WebSite","@id":"https:\/\/valorisimo.com\/fr\/#website","url":"https:\/\/valorisimo.com\/fr\/","name":"Valorisimo","description":"","publisher":{"@id":"https:\/\/valorisimo.com\/fr\/#organization"},"potentialAction":[{"@type":"SearchAction","target":{"@type":"EntryPoint","urlTemplate":"https:\/\/valorisimo.com\/fr\/?s={search_term_string}"},"query-input":{"@type":"PropertyValueSpecification","valueRequired":true,"valueName":"search_term_string"}}],"inLanguage":"fr-FR"},{"@type":"Organization","@id":"https:\/\/valorisimo.com\/fr\/#organization","name":"Valorisimo","url":"https:\/\/valorisimo.com\/fr\/","logo":{"@type":"ImageObject","inLanguage":"fr-FR","@id":"https:\/\/valorisimo.com\/fr\/#\/schema\/logo\/image\/","url":"https:\/\/valorisimo.com\/wp-content\/uploads\/2025\/10\/VALORISIMO-logo-white.webp","contentUrl":"https:\/\/valorisimo.com\/wp-content\/uploads\/2025\/10\/VALORISIMO-logo-white.webp","width":370,"height":69,"caption":"Valorisimo"},"image":{"@id":"https:\/\/valorisimo.com\/fr\/#\/schema\/logo\/image\/"}}]}},"_links":{"self":[{"href":"https:\/\/valorisimo.com\/fr\/wp-json\/wp\/v2\/pages\/22211","targetHints":{"allow":["GET"]}}],"collection":[{"href":"https:\/\/valorisimo.com\/fr\/wp-json\/wp\/v2\/pages"}],"about":[{"href":"https:\/\/valorisimo.com\/fr\/wp-json\/wp\/v2\/types\/page"}],"author":[{"embeddable":true,"href":"https:\/\/valorisimo.com\/fr\/wp-json\/wp\/v2\/users\/4"}],"replies":[{"embeddable":true,"href":"https:\/\/valorisimo.com\/fr\/wp-json\/wp\/v2\/comments?post=22211"}],"version-history":[{"count":10,"href":"https:\/\/valorisimo.com\/fr\/wp-json\/wp\/v2\/pages\/22211\/revisions"}],"predecessor-version":[{"id":36925,"href":"https:\/\/valorisimo.com\/fr\/wp-json\/wp\/v2\/pages\/22211\/revisions\/36925"}],"wp:attachment":[{"href":"https:\/\/valorisimo.com\/fr\/wp-json\/wp\/v2\/media?parent=22211"}],"curies":[{"name":"wp","href":"https:\/\/api.w.org\/{rel}","templated":true}]}}