{"id":16033,"date":"2024-10-30T06:49:38","date_gmt":"2024-10-30T06:49:38","guid":{"rendered":"https:\/\/valorisimo.com\/opportunities-2\/"},"modified":"2025-05-19T09:54:11","modified_gmt":"2025-05-19T09:54:11","slug":"opportunities","status":"publish","type":"page","link":"https:\/\/valorisimo.com\/fr\/opportunities\/","title":{"rendered":"Opportunit\u00e9s"},"content":{"rendered":"\t\t<div data-elementor-type=\"wp-page\" data-elementor-id=\"16033\" class=\"elementor elementor-16033 elementor-11275\" data-elementor-post-type=\"page\">\n\t\t\t\t<div class=\"elementor-element elementor-element-3197387 e-flex e-con-boxed e-con e-parent\" data-id=\"3197387\" data-element_type=\"container\">\n\t\t\t\t\t<div class=\"e-con-inner\">\n\t\t\t\t<div class=\"elementor-element elementor-element-9964335 elementor-widget elementor-widget-heading\" data-id=\"9964335\" data-element_type=\"widget\" data-widget_type=\"heading.default\">\n\t\t\t\t<div class=\"elementor-widget-container\">\n\t\t\t<h2 class=\"elementor-heading-title elementor-size-default\">Rechercher par<\/h2>\t\t<\/div>\n\t\t\t\t<\/div>\n\t\t\t\t\t<\/div>\n\t\t\t\t<\/div>\n\t\t<div class=\"elementor-element elementor-element-d2326a1 seo-line e-flex e-con-boxed e-con e-parent\" data-id=\"d2326a1\" data-element_type=\"container\">\n\t\t\t\t\t<div class=\"e-con-inner\">\n\t\t<div class=\"elementor-element elementor-element-537a438 e-con-full e-flex e-con e-child\" data-id=\"537a438\" data-element_type=\"container\">\n\t\t\t\t<div class=\"elementor-element elementor-element-1d233d3 elementor-position-left elementor-position-left elementor-vertical-align-middle image-left elementor-widget__width-auto elementor-widget elementor-widget-image-box\" data-id=\"1d233d3\" data-element_type=\"widget\" data-widget_type=\"image-box.default\">\n\t\t\t\t<div class=\"elementor-widget-container\">\n\t\t\t<div class=\"elementor-image-box-wrapper\"><figure class=\"elementor-image-box-img\"><a href=\"https:\/\/valorisimo.com\/fr\/opportunities\/opportunites-par-objectif-dinvestissemen\/\" tabindex=\"-1\"><img decoding=\"async\" src=\"https:\/\/valorisimo.com\/wp-content\/uploads\/elementor\/thumbs\/Investment-Goal-r618b2zgb8lifuo5nlqnzkxyo1q20ve3n2ekfn2lyw.png\" title=\"Investment Goal\" alt=\"\" loading=\"lazy\" \/><\/a><\/figure><div class=\"elementor-image-box-content\"><h3 class=\"elementor-image-box-title\"><a href=\"https:\/\/valorisimo.com\/fr\/opportunities\/opportunites-par-objectif-dinvestissemen\/\">Objectif d\u2019investissement<\/a><\/h3><p class=\"elementor-image-box-description\">D\u00e9couvrez les meilleurs projets<br>\n<a href=\"https:\/\/valorisimo.com\/fr\/opportunities\/opportunites-par-objectif-dinvestissemen\/\">Explorez<\/a><\/p><\/div><\/div>\t\t<\/div>\n\t\t\t\t<\/div>\n\t\t\t\t<\/div>\n\t\t<div class=\"elementor-element elementor-element-db6b6f2 e-con-full e-flex e-con e-child\" data-id=\"db6b6f2\" data-element_type=\"container\">\n\t\t\t\t<div class=\"elementor-element elementor-element-e8c6fe5 elementor-position-left elementor-position-left elementor-vertical-align-middle image-left img-odd elementor-widget__width-auto elementor-widget elementor-widget-image-box\" data-id=\"e8c6fe5\" data-element_type=\"widget\" data-widget_type=\"image-box.default\">\n\t\t\t\t<div class=\"elementor-widget-container\">\n\t\t\t<div class=\"elementor-image-box-wrapper\"><figure class=\"elementor-image-box-img\"><a href=\"https:\/\/valorisimo.com\/fr\/opportunities\/opportunites-par-ville\/\" tabindex=\"-1\"><img decoding=\"async\" src=\"https:\/\/valorisimo.com\/wp-content\/uploads\/elementor\/thumbs\/City-Icon-r618asn8827cw536bz9rq5jw4t50o791xn885lhxvc.png\" title=\"City Icon\" alt=\"\" loading=\"lazy\" \/><\/a><\/figure><div class=\"elementor-image-box-content\"><h3 class=\"elementor-image-box-title\"><a href=\"https:\/\/valorisimo.com\/fr\/opportunities\/opportunites-par-ville\/\">Ville<\/a><\/h3><p class=\"elementor-image-box-description\">D\u00e9couvrez les meilleurs projets<br>\n<a href=\"https:\/\/valorisimo.com\/fr\/opportunities\/opportunites-par-ville\/\">Explorez<\/a><\/p><\/div><\/div>\t\t<\/div>\n\t\t\t\t<\/div>\n\t\t\t\t<\/div>\n\t\t<div class=\"elementor-element elementor-element-188fc85 e-con-full e-flex e-con e-child\" data-id=\"188fc85\" data-element_type=\"container\">\n\t\t\t\t<div class=\"elementor-element elementor-element-922e32c elementor-position-left elementor-position-left elementor-vertical-align-middle image-left elementor-widget__width-auto elementor-widget elementor-widget-image-box\" data-id=\"922e32c\" data-element_type=\"widget\" data-widget_type=\"image-box.default\">\n\t\t\t\t<div class=\"elementor-widget-container\">\n\t\t\t<div class=\"elementor-image-box-wrapper\"><figure class=\"elementor-image-box-img\"><a href=\"https:\/\/valorisimo.com\/fr\/opportunities\/opportunites-a-dubai\/\" tabindex=\"-1\"><img decoding=\"async\" src=\"https:\/\/valorisimo.com\/wp-content\/uploads\/elementor\/thumbs\/Neighborhood-Icon-r618b6qt2kqnqaip1nd69jzt1l7ivnt0zl0icqx1a0.png\" title=\"Neighborhood Icon\" alt=\"\" loading=\"lazy\" \/><\/a><\/figure><div class=\"elementor-image-box-content\"><h3 class=\"elementor-image-box-title\"><a href=\"https:\/\/valorisimo.com\/fr\/opportunities\/opportunites-a-dubai\/\">Quartier<\/a><\/h3><p class=\"elementor-image-box-description\">D\u00e9couvrez les meilleurs projets<br>\n<a href=\"https:\/\/valorisimo.com\/fr\/opportunities\/opportunites-a-dubai\/\">Explorez<\/a><\/p><\/div><\/div>\t\t<\/div>\n\t\t\t\t<\/div>\n\t\t\t\t<\/div>\n\t\t\t\t\t<\/div>\n\t\t\t\t<\/div>\n\t\t\t\t<\/div>\n\t\t","protected":false},"excerpt":{"rendered":"<p>Rechercher par Objectif d\u2019investissement D\u00e9couvrez les meilleurs projets Explorez Ville D\u00e9couvrez les meilleurs projets Explorez Quartier D\u00e9couvrez les meilleurs projets Explorez<\/p>\n","protected":false},"author":4,"featured_media":0,"parent":0,"menu_order":0,"comment_status":"closed","ping_status":"closed","template":"page-full-width.php","meta":{"footnotes":""},"class_list":["post-16033","page","type-page","status-publish","hentry"],"yoast_head":"<!-- This site is optimized with the Yoast SEO plugin v26.5 - https:\/\/yoast.com\/wordpress\/plugins\/seo\/ -->\n<title>Opportunit\u00e9s - Valorisimo<\/title>\n<meta name=\"robots\" content=\"index, follow, max-snippet:-1, max-image-preview:large, max-video-preview:-1\" \/>\n<link rel=\"canonical\" href=\"https:\/\/valorisimo.com\/fr\/wp-json\/wp\/v2\/pages\/16033\/\" \/>\n<meta property=\"og:locale\" content=\"fr_FR\" \/>\n<meta property=\"og:type\" content=\"article\" \/>\n<meta property=\"og:title\" content=\"Opportunit\u00e9s - Valorisimo\" \/>\n<meta property=\"og:description\" content=\"Rechercher par Objectif d\u2019investissement D\u00e9couvrez les meilleurs projets Explorez Ville D\u00e9couvrez les meilleurs projets Explorez Quartier D\u00e9couvrez les meilleurs projets Explorez\" \/>\n<meta property=\"og:url\" content=\"https:\/\/valorisimo.com\/fr\/opportunities\/\" \/>\n<meta property=\"og:site_name\" content=\"Valorisimo\" \/>\n<meta property=\"article:modified_time\" content=\"2025-05-19T09:54:11+00:00\" \/>\n<meta property=\"og:image\" content=\"https:\/\/valorisimo.com\/wp-content\/uploads\/elementor\/thumbs\/Investment-Goal-r618b2zgb8lifuo5nlqnzkxyo1q20ve3n2ekfn2lyw.png\" \/>\n<meta name=\"twitter:card\" content=\"summary_large_image\" \/>\n<meta name=\"twitter:label1\" content=\"Dur\u00e9e de lecture estim\u00e9e\" \/>\n\t<meta name=\"twitter:data1\" content=\"1 minute\" \/>\n<script type=\"application\/ld+json\" class=\"yoast-schema-graph\">{\"@context\":\"https:\/\/schema.org\",\"@graph\":[{\"@type\":\"WebPage\",\"@id\":\"https:\/\/valorisimo.com\/fr\/opportunities\/\",\"url\":\"https:\/\/valorisimo.com\/fr\/opportunities\/\",\"name\":\"Opportunit\u00e9s - Valorisimo\",\"isPartOf\":{\"@id\":\"https:\/\/valorisimo.com\/fr\/#website\"},\"primaryImageOfPage\":{\"@id\":\"https:\/\/valorisimo.com\/fr\/opportunities\/#primaryimage\"},\"image\":{\"@id\":\"https:\/\/valorisimo.com\/fr\/opportunities\/#primaryimage\"},\"thumbnailUrl\":\"https:\/\/valorisimo.com\/wp-content\/uploads\/elementor\/thumbs\/Investment-Goal-r618b2zgb8lifuo5nlqnzkxyo1q20ve3n2ekfn2lyw.png\",\"datePublished\":\"2024-10-30T06:49:38+00:00\",\"dateModified\":\"2025-05-19T09:54:11+00:00\",\"breadcrumb\":{\"@id\":\"https:\/\/valorisimo.com\/fr\/opportunities\/#breadcrumb\"},\"inLanguage\":\"fr-FR\",\"potentialAction\":[{\"@type\":\"ReadAction\",\"target\":[\"https:\/\/valorisimo.com\/fr\/opportunities\/\"]}]},{\"@type\":\"ImageObject\",\"inLanguage\":\"fr-FR\",\"@id\":\"https:\/\/valorisimo.com\/fr\/opportunities\/#primaryimage\",\"url\":\"https:\/\/valorisimo.com\/wp-content\/uploads\/elementor\/thumbs\/Investment-Goal-r618b2zgb8lifuo5nlqnzkxyo1q20ve3n2ekfn2lyw.png\",\"contentUrl\":\"https:\/\/valorisimo.com\/wp-content\/uploads\/elementor\/thumbs\/Investment-Goal-r618b2zgb8lifuo5nlqnzkxyo1q20ve3n2ekfn2lyw.png\"},{\"@type\":\"BreadcrumbList\",\"@id\":\"https:\/\/valorisimo.com\/fr\/opportunities\/#breadcrumb\",\"itemListElement\":[{\"@type\":\"ListItem\",\"position\":1,\"name\":\"Home\",\"item\":\"https:\/\/valorisimo.com\/fr\/\"},{\"@type\":\"ListItem\",\"position\":2,\"name\":\"Opportunit\u00e9s\"}]},{\"@type\":\"WebSite\",\"@id\":\"https:\/\/valorisimo.com\/fr\/#website\",\"url\":\"https:\/\/valorisimo.com\/fr\/\",\"name\":\"Valorisimo\",\"description\":\"\",\"publisher\":{\"@id\":\"https:\/\/valorisimo.com\/fr\/#organization\"},\"potentialAction\":[{\"@type\":\"SearchAction\",\"target\":{\"@type\":\"EntryPoint\",\"urlTemplate\":\"https:\/\/valorisimo.com\/fr\/?s={search_term_string}\"},\"query-input\":{\"@type\":\"PropertyValueSpecification\",\"valueRequired\":true,\"valueName\":\"search_term_string\"}}],\"inLanguage\":\"fr-FR\"},{\"@type\":\"Organization\",\"@id\":\"https:\/\/valorisimo.com\/fr\/#organization\",\"name\":\"Valorisimo\",\"url\":\"https:\/\/valorisimo.com\/fr\/\",\"logo\":{\"@type\":\"ImageObject\",\"inLanguage\":\"fr-FR\",\"@id\":\"https:\/\/valorisimo.com\/fr\/#\/schema\/logo\/image\/\",\"url\":\"https:\/\/valorisimo.com\/wp-content\/uploads\/2025\/10\/VALORISIMO-logo-white.webp\",\"contentUrl\":\"https:\/\/valorisimo.com\/wp-content\/uploads\/2025\/10\/VALORISIMO-logo-white.webp\",\"width\":370,\"height\":69,\"caption\":\"Valorisimo\"},\"image\":{\"@id\":\"https:\/\/valorisimo.com\/fr\/#\/schema\/logo\/image\/\"}}]}<\/script>\n<!-- \/ Yoast SEO plugin. -->","yoast_head_json":{"title":"Opportunit\u00e9s - Valorisimo","robots":{"index":"index","follow":"follow","max-snippet":"max-snippet:-1","max-image-preview":"max-image-preview:large","max-video-preview":"max-video-preview:-1"},"canonical":"https:\/\/valorisimo.com\/fr\/wp-json\/wp\/v2\/pages\/16033\/","og_locale":"fr_FR","og_type":"article","og_title":"Opportunit\u00e9s - Valorisimo","og_description":"Rechercher par Objectif d\u2019investissement D\u00e9couvrez les meilleurs projets Explorez Ville D\u00e9couvrez les meilleurs projets Explorez Quartier D\u00e9couvrez les meilleurs projets Explorez","og_url":"https:\/\/valorisimo.com\/fr\/opportunities\/","og_site_name":"Valorisimo","article_modified_time":"2025-05-19T09:54:11+00:00","og_image":[{"url":"https:\/\/valorisimo.com\/wp-content\/uploads\/elementor\/thumbs\/Investment-Goal-r618b2zgb8lifuo5nlqnzkxyo1q20ve3n2ekfn2lyw.png","type":"","width":"","height":""}],"twitter_card":"summary_large_image","twitter_misc":{"Dur\u00e9e de lecture estim\u00e9e":"1 minute"},"schema":{"@context":"https:\/\/schema.org","@graph":[{"@type":"WebPage","@id":"https:\/\/valorisimo.com\/fr\/opportunities\/","url":"https:\/\/valorisimo.com\/fr\/opportunities\/","name":"Opportunit\u00e9s - Valorisimo","isPartOf":{"@id":"https:\/\/valorisimo.com\/fr\/#website"},"primaryImageOfPage":{"@id":"https:\/\/valorisimo.com\/fr\/opportunities\/#primaryimage"},"image":{"@id":"https:\/\/valorisimo.com\/fr\/opportunities\/#primaryimage"},"thumbnailUrl":"https:\/\/valorisimo.com\/wp-content\/uploads\/elementor\/thumbs\/Investment-Goal-r618b2zgb8lifuo5nlqnzkxyo1q20ve3n2ekfn2lyw.png","datePublished":"2024-10-30T06:49:38+00:00","dateModified":"2025-05-19T09:54:11+00:00","breadcrumb":{"@id":"https:\/\/valorisimo.com\/fr\/opportunities\/#breadcrumb"},"inLanguage":"fr-FR","potentialAction":[{"@type":"ReadAction","target":["https:\/\/valorisimo.com\/fr\/opportunities\/"]}]},{"@type":"ImageObject","inLanguage":"fr-FR","@id":"https:\/\/valorisimo.com\/fr\/opportunities\/#primaryimage","url":"https:\/\/valorisimo.com\/wp-content\/uploads\/elementor\/thumbs\/Investment-Goal-r618b2zgb8lifuo5nlqnzkxyo1q20ve3n2ekfn2lyw.png","contentUrl":"https:\/\/valorisimo.com\/wp-content\/uploads\/elementor\/thumbs\/Investment-Goal-r618b2zgb8lifuo5nlqnzkxyo1q20ve3n2ekfn2lyw.png"},{"@type":"BreadcrumbList","@id":"https:\/\/valorisimo.com\/fr\/opportunities\/#breadcrumb","itemListElement":[{"@type":"ListItem","position":1,"name":"Home","item":"https:\/\/valorisimo.com\/fr\/"},{"@type":"ListItem","position":2,"name":"Opportunit\u00e9s"}]},{"@type":"WebSite","@id":"https:\/\/valorisimo.com\/fr\/#website","url":"https:\/\/valorisimo.com\/fr\/","name":"Valorisimo","description":"","publisher":{"@id":"https:\/\/valorisimo.com\/fr\/#organization"},"potentialAction":[{"@type":"SearchAction","target":{"@type":"EntryPoint","urlTemplate":"https:\/\/valorisimo.com\/fr\/?s={search_term_string}"},"query-input":{"@type":"PropertyValueSpecification","valueRequired":true,"valueName":"search_term_string"}}],"inLanguage":"fr-FR"},{"@type":"Organization","@id":"https:\/\/valorisimo.com\/fr\/#organization","name":"Valorisimo","url":"https:\/\/valorisimo.com\/fr\/","logo":{"@type":"ImageObject","inLanguage":"fr-FR","@id":"https:\/\/valorisimo.com\/fr\/#\/schema\/logo\/image\/","url":"https:\/\/valorisimo.com\/wp-content\/uploads\/2025\/10\/VALORISIMO-logo-white.webp","contentUrl":"https:\/\/valorisimo.com\/wp-content\/uploads\/2025\/10\/VALORISIMO-logo-white.webp","width":370,"height":69,"caption":"Valorisimo"},"image":{"@id":"https:\/\/valorisimo.com\/fr\/#\/schema\/logo\/image\/"}}]}},"_links":{"self":[{"href":"https:\/\/valorisimo.com\/fr\/wp-json\/wp\/v2\/pages\/16033","targetHints":{"allow":["GET"]}}],"collection":[{"href":"https:\/\/valorisimo.com\/fr\/wp-json\/wp\/v2\/pages"}],"about":[{"href":"https:\/\/valorisimo.com\/fr\/wp-json\/wp\/v2\/types\/page"}],"author":[{"embeddable":true,"href":"https:\/\/valorisimo.com\/fr\/wp-json\/wp\/v2\/users\/4"}],"replies":[{"embeddable":true,"href":"https:\/\/valorisimo.com\/fr\/wp-json\/wp\/v2\/comments?post=16033"}],"version-history":[{"count":3,"href":"https:\/\/valorisimo.com\/fr\/wp-json\/wp\/v2\/pages\/16033\/revisions"}],"predecessor-version":[{"id":23603,"href":"https:\/\/valorisimo.com\/fr\/wp-json\/wp\/v2\/pages\/16033\/revisions\/23603"}],"wp:attachment":[{"href":"https:\/\/valorisimo.com\/fr\/wp-json\/wp\/v2\/media?parent=16033"}],"curies":[{"name":"wp","href":"https:\/\/api.w.org\/{rel}","templated":true}]}}